{"id":47,"date":"2015-02-24T12:14:00","date_gmt":"2015-02-24T12:14:00","guid":{"rendered":"http:\/\/centraldevisadosrusos.com\/NEW\/?page_id=47"},"modified":"2025-12-25T18:21:22","modified_gmt":"2025-12-25T18:21:22","slug":"gestion-de-visados","status":"publish","type":"page","link":"https:\/\/centraldevisadosrusos.com\/cat\/gestion-de-visados\/","title":{"rendered":"Gestion de visats"},"content":{"rendered":"<p>[et_pb_section fb_built=\u00bb1&#8243; admin_label=\u00bbFrequently Asked Questions\u00bb _builder_version=\u00bb4.16&#8243; background_color=\u00bb#f8fbfe\u00bb custom_padding=\u00bb54px|0px|100px|0px\u00bb global_colors_info=\u00bb{}\u00bb][et_pb_row _builder_version=\u00bb4.27.5&#8243; width_tablet=\u00bb\u00bb width_phone=\u00bb96%\u00bb width_last_edited=\u00bbon|phone\u00bb custom_padding=\u00bb||||false|false\u00bb border_radii=\u00bbon|10px|10px|10px|10px\u00bb border_width_top=\u00bb10px\u00bb border_color_top=\u00bb#8e1820&#8243; global_colors_info=\u00bb{}\u00bb][et_pb_column type=\u00bb4_4&#8243; _builder_version=\u00bb4.16&#8243; custom_padding=\u00bb|||\u00bb global_colors_info=\u00bb{}\u00bb custom_padding__hover=\u00bb|||\u00bb][et_pb_text _builder_version=\u00bb4.16&#8243; text_font=\u00bbNunito Sans||||||||\u00bb text_text_color=\u00bb#242424&#8243; text_font_size=\u00bb18px\u00bb text_line_height=\u00bb1.8em\u00bb header_font=\u00bb||||||||\u00bb header_text_align=\u00bbcenter\u00bb header_text_color=\u00bb#535b7c\u00bb header_font_size=\u00bb45px\u00bb header_line_height=\u00bb1.4em\u00bb header_2_font=\u00bbNunito Sans|700|||||||\u00bb header_2_text_color=\u00bb#535b7c\u00bb header_2_font_size=\u00bb35px\u00bb header_2_line_height=\u00bb1.3em\u00bb text_orientation=\u00bbcenter\u00bb module_alignment=\u00bbcenter\u00bb global_colors_info=\u00bb{}\u00bb]<\/p>\n<h1>GESTION DE VISADOS<\/h1>\n<h3>Tasas, Plazos y Forma de Pago<\/h3>\n<p><strong>* Tr\u00e1mite urgente en 3 d\u00edas laborables de ninguna forma es autom\u00e1tico, por favor, consulte esta posibilidad ANTES DE REALIZAR EL PAGO.<\/strong><\/p>\n<p>[\/et_pb_text][\/et_pb_column][\/et_pb_row][et_pb_row column_structure=\u00bb1_2,1_2&#8243; use_custom_gutter=\u00bbon\u00bb gutter_width=\u00bb2&#8243; _builder_version=\u00bb4.27.5&#8243; width_tablet=\u00bb\u00bb width_phone=\u00bb98%\u00bb width_last_edited=\u00bbon|phone\u00bb custom_padding=\u00bb15px||15px|\u00bb global_colors_info=\u00bb{}\u00bb][et_pb_column type=\u00bb1_2&#8243; _builder_version=\u00bb4.16&#8243; background_color_gradient_direction=\u00bb243deg\u00bb custom_padding=\u00bb|||\u00bb global_colors_info=\u00bb{}\u00bb custom_padding__hover=\u00bb|||\u00bb][et_pb_blurb title=\u00bbTasas, Plazos y Forma de pago\u00bb icon_placement=\u00bbleft\u00bb _builder_version=\u00bb4.27.5&#8243; header_level=\u00bbh3&#8243; header_font=\u00bbNunito Sans|600||on|||||\u00bb header_text_align=\u00bbcenter\u00bb header_text_color=\u00bb#535b7c\u00bb header_line_height=\u00bb1.4em\u00bb body_font=\u00bbNunito Sans||||||||\u00bb body_text_align=\u00bbleft\u00bb body_text_color=\u00bb#242424&#8243; body_font_size=\u00bb16px\u00bb background_color=\u00bb#ffffff\u00bb text_orientation=\u00bbcenter\u00bb custom_margin=\u00bb||||false|false\u00bb custom_padding=\u00bb20px|5px|20px|5px|false|false\u00bb custom_padding_tablet=\u00bb20px|5px|20px|5px|false|false\u00bb custom_padding_phone=\u00bb20px|5px|20px|5px|false|false\u00bb custom_padding_last_edited=\u00bbon|desktop\u00bb animation_style=\u00bbzoom\u00bb animation_intensity_zoom=\u00bb5%\u00bb border_radii=\u00bbon|4px|4px|4px|4px\u00bb border_color_all=\u00bb#1e1584&#8243; border_width_top=\u00bb6px\u00bb border_color_top=\u00bb#8e1820&#8243; box_shadow_style=\u00bbpreset3&#8243; box_shadow_color=\u00bbrgba(34,56,101,0.12)\u00bb locked=\u00bboff\u00bb global_colors_info=\u00bb{}\u00bb]<\/p>\n<table>\n<tbody>\n<tr>\n<td><strong>Tipo de visado segun cantidad de entradas<\/strong><\/td>\n<td class=\"has-text-align-center\" data-align=\"center\"><strong>Tramitacion ordianria<\/strong><\/td>\n<td class=\"has-text-align-center\" data-align=\"center\"><strong>Tramitacion urgente<\/strong><\/td>\n<\/tr>\n<tr>\n<td>Una entrada<\/td>\n<td class=\"has-text-align-center\" data-align=\"center\">103\u20ac<\/td>\n<td class=\"has-text-align-center\" data-align=\"center\">consultar<\/td>\n<\/tr>\n<tr>\n<td>Dos entradas<\/td>\n<td class=\"has-text-align-center\" data-align=\"center\">148\u20ac<\/td>\n<td class=\"has-text-align-center\" data-align=\"center\">consultar<\/td>\n<\/tr>\n<tr>\n<td>Multiples entradas<\/td>\n<td class=\"has-text-align-center\" data-align=\"center\">255\u20ac<\/td>\n<td class=\"has-text-align-center\" data-align=\"center\">consultar<\/td>\n<\/tr>\n<\/tbody>\n<\/table>\n<figure class=\"wp-block-table\"><figcaption>Ciudadanos de China, Jap\u00f3n, Angola, Vietnam y USA tienen que consultar el precio escribiendo a:<br \/>oficina en BARCELONA<br \/><span>\u00a0<\/span><a href=\"mailto:infoBarcelona@centraldevisadosrusos.com\"><i class=\"fa-regular fa-envelope\"><\/i> infoBarcelona@centraldevisadosrusos.com<\/a><br \/>oficina en MADRID<br \/><span>\u00a0<\/span><a href=\"mailto:infomadrid@centraldevisadosrusos.com\"><i class=\"fa-regular fa-envelope\"><\/i>infoMadrid@centraldevisadosrusos.com<\/a><span>\u00a0<\/span>.<\/figcaption><\/figure>\n<p><strong>Los precios arriba se\u00f1alados incluyen gastos de gesti\u00f3n e IVA.<\/strong><\/p>\n<hr \/>\n<p>Para consultar el precio no indicado en la tabla escriba a:<br \/>oficina BARCELONA<br \/><a href=\"mailto:infomadrid@centraldevisadosrusos.com\"><i class=\"fa-regular fa-envelope\"><\/i>\u00a0infoMadrid@centraldevisadosrusos.com<\/a><br \/>oficina MADRID<br \/><a href=\"mailto:infomadrid@centraldevisadosrusos.com\"><i class=\"fa-regular fa-envelope\"><\/i>\u00a0infoMadrid@centraldevisadosrusos.com<\/a><span>\u00a0<\/span><br \/>indicando:<\/p>\n<ul>\n<li>En el asunto del mensaje\u00a0CONSULTA PRECIO<\/li>\n<li>NACIONALIDAD<\/li>\n<li>PROP\u00d3SITO DE VIAJE<\/li>\n<li>CANTIDAD DE ENTRADAS<\/li>\n<li>TIPO DE TRAMITACI\u00d3N (ordinaria o urgente)<\/li>\n<\/ul>\n<p>[\/et_pb_blurb][et_pb_blurb title=\u00bbPLAZOS\u00bb icon_placement=\u00bbleft\u00bb _builder_version=\u00bb4.27.5&#8243; header_level=\u00bbh2&#8243; header_font=\u00bbNunito Sans|600||on|||||\u00bb header_text_align=\u00bbcenter\u00bb header_text_color=\u00bb#535b7c\u00bb header_line_height=\u00bb1.4em\u00bb body_font=\u00bbNunito Sans||||||||\u00bb body_text_align=\u00bbleft\u00bb body_text_color=\u00bb#242424&#8243; body_font_size=\u00bb16px\u00bb background_color=\u00bb#ffffff\u00bb text_orientation=\u00bbcenter\u00bb custom_margin=\u00bb||||false|false\u00bb custom_padding=\u00bb20px|20px|20px|20px|false|false\u00bb animation_style=\u00bbzoom\u00bb animation_intensity_zoom=\u00bb5%\u00bb hover_enabled=\u00bb0&#8243; border_radii=\u00bbon|4px|4px|4px|4px\u00bb border_color_all=\u00bb#1e1584&#8243; border_width_top=\u00bb6px\u00bb border_color_top=\u00bb#8e1820&#8243; box_shadow_style=\u00bbpreset3&#8243; box_shadow_color=\u00bbrgba(34,56,101,0.12)\u00bb locked=\u00bboff\u00bb global_colors_info=\u00bb{}\u00bb sticky_enabled=\u00bb0&#8243;]<strong>Los plazos se contar\u00e1n a partir del siguiente d\u00eda laborable que se recibe la documentaci\u00f3n completa y correcta en nuestras oficinas.<\/strong><\/p>\n<ul>\n<li>TR\u00c1MITE NORMAL: 10 d\u00edas naturales.<br \/>\n(Excepto d\u00edas festivos en Espa\u00f1a y en la Federaci\u00f3n de Rusia)<\/li>\n<li>TR\u00c1MITE URGENTE: hasta 3 dias laborables.<br \/>\n(Excepto d\u00edas festivos en Espa\u00f1a y en la Federaci\u00f3n de Rusia)<\/li>\n<\/ul>\n<p><strong>LOS PLAZOS PUDEN VERSE INCREMENTADOS EN LAS TEMPORADAS ALTAS. POR ELLO ROGAMOS CONSULTEN DISPONIBILIDAD.<\/strong><br \/>\n<strong>LOS ENV\u00cdOS DE DOCUMENTACI\u00d3N POR MENSAJER\u00cdA TIENEN 2 D\u00cdAS LABORABLES M\u00c1S DE TR\u00c1MITE.<\/strong><\/p>\n<p><strong>Tr\u00e1mite urgente en 3 d\u00edas laborables de ninguna forma es autom\u00e1tico, por favor, consulte esta posibilidad ANTES DE REALIZAR EL PAGO.<\/strong><\/p>\n<ul>\n<li>Los plazos de tramitaci\u00f3n se pueden ampliar en caso de <strong>incidencias, grupos grandes, env\u00edos<\/strong>de la documentaci\u00f3n, etc\u2026<\/li>\n<\/ul>\n<p>[\/et_pb_blurb][\/et_pb_column][et_pb_column type=\u00bb1_2&#8243; _builder_version=\u00bb4.16&#8243; background_color_gradient_direction=\u00bb243deg\u00bb custom_padding=\u00bb|||\u00bb global_colors_info=\u00bb{}\u00bb custom_padding__hover=\u00bb|||\u00bb][et_pb_blurb title=\u00bbPRECIOS DE SERVICIO DE MENSAJER\u00cdA\u00bb icon_placement=\u00bbleft\u00bb _builder_version=\u00bb4.27.5&#8243; header_level=\u00bbh3&#8243; header_font=\u00bbNunito Sans|600||on|||||\u00bb header_text_align=\u00bbcenter\u00bb header_text_color=\u00bb#535b7c\u00bb header_line_height=\u00bb1.4em\u00bb body_font=\u00bbNunito Sans||||||||\u00bb body_text_align=\u00bbleft\u00bb body_text_color=\u00bb#242424&#8243; body_font_size=\u00bb16px\u00bb background_color=\u00bb#ffffff\u00bb text_orientation=\u00bbcenter\u00bb custom_margin=\u00bb||||false|false\u00bb custom_margin_last_edited=\u00bboff|desktop\u00bb custom_padding_last_edited=\u00bboff|desktop\u00bb animation_style=\u00bbzoom\u00bb animation_intensity_zoom=\u00bb5%\u00bb border_radii=\u00bbon|4px|4px|4px|4px\u00bb border_color_all=\u00bb#1e1584&#8243; border_width_top=\u00bb6px\u00bb border_color_top=\u00bb#8e1820&#8243; box_shadow_style=\u00bbpreset3&#8243; box_shadow_color=\u00bbrgba(34,56,101,0.12)\u00bb locked=\u00bboff\u00bb global_colors_info=\u00bb{}\u00bb]<\/p>\n<table>\n<tbody>\n<tr>\n<th><\/th>\n<th>Pen\u00ednsula e Islas Baleares<\/th>\n<th>Islas Canarias, Ceuta y Melilla<\/th>\n<\/tr>\n<tr>\n<th>Un s\u00f3lo trayecto<\/th>\n<td style=\"text-align: center;\">20\u20ac<\/td>\n<td style=\"text-align: center;\">26\u20ac<\/td>\n<\/tr>\n<tr>\n<th>Recogida y entrega<\/th>\n<td style=\"text-align: center;\">40\u20ac<\/td>\n<td style=\"text-align: center;\">52\u20ac<\/td>\n<\/tr>\n<\/tbody>\n<\/table>\n<p><strong>Los precios arriba indicados incluyen el IVA y son para un m\u00e1ximo de 4 pasaportes.<\/strong><\/p>\n<p><strong>IMPORTANTE:<\/strong><\/p>\n<ul>\n<li>Es recomendable realizar un s\u00f3lo pago de tasas y mensajer\u00eda (todo junto)<\/li>\n<li>No realizamos env\u00edos a portes debidos<\/li>\n<li>No realizamos recogidas ni env\u00edos internacionales<\/li>\n<li>No avisamos de disponibilidad de su visado para la recogida de manera autom\u00e1tica, si no contratan el servicio de aviso por SMS (2\u20ac)<\/li>\n<li>UNA VEZ SOLICITADA LA MENSAJER\u00cdA NO SE DEVUELVE EL IMPORTE POR SU NO UTILIZACI\u00d3N<\/li>\n<\/ul>\n<p>[\/et_pb_blurb][et_pb_blurb title=\u00bbFORMAS DE PAGO\u00bb icon_placement=\u00bbleft\u00bb _builder_version=\u00bb4.27.5&#8243; header_level=\u00bbh2&#8243; header_font=\u00bbNunito Sans|600||on|||||\u00bb header_text_align=\u00bbcenter\u00bb header_text_color=\u00bb#535b7c\u00bb header_line_height=\u00bb1.4em\u00bb body_font=\u00bbNunito Sans||||||||\u00bb body_text_align=\u00bbleft\u00bb body_text_color=\u00bb#242424&#8243; body_font_size=\u00bb16px\u00bb background_color=\u00bb#ffffff\u00bb text_orientation=\u00bbcenter\u00bb custom_margin=\u00bb||||false|false\u00bb custom_padding=\u00bb20px|20px|20px|20px|false|false\u00bb custom_padding_tablet=\u00bb20px|20px|20px|20px|false|false\u00bb custom_padding_phone=\u00bb||||false|false\u00bb custom_padding_last_edited=\u00bbon|phone\u00bb animation_style=\u00bbzoom\u00bb animation_intensity_zoom=\u00bb5%\u00bb border_radii=\u00bbon|4px|4px|4px|4px\u00bb border_color_all=\u00bb#1e1584&#8243; border_width_top=\u00bb6px\u00bb border_color_top=\u00bb#8e1820&#8243; box_shadow_style=\u00bbpreset3&#8243; box_shadow_color=\u00bbrgba(34,56,101,0.12)\u00bb locked=\u00bboff\u00bb global_colors_info=\u00bb{}\u00bb]<\/p>\n<div id=\"left-area\">\n<article id=\"post-1057\" class=\"post-1057 page type-page status-publish hentry\">\n<div class=\"entry-content\">\n<p>Puede pagar por su visado a trav\u00e9s de las siguientes v\u00edas:<\/p>\n<p>1.<strong><span>\u00a0<\/span>Realizando una transferencia bancaria a la cuenta de Central de Visados Rusos<\/strong>. Deber\u00e1 entregarnos en ventanilla o enviar por mensajer\u00eda el justificante del ingreso junto con el resto de la documentaci\u00f3n.<\/p>\n<ul>\n<li><strong>Cuenta Bancaria de oficina Barcelona:<br \/>IBAN:ES75 0081 0157 7200 0137 9944<br \/><\/strong>Banco Sabadell Atl\u00e1ntico<strong><br \/><\/strong><\/li>\n<li><strong>Cuenta Bancaria de oficina Madrid:<br \/>IBAN: ES98 0081 0640 6500 0150 3551<br \/><\/strong>Banco Sabadell Atl\u00e1ntico<strong><\/strong><\/li>\n<\/ul>\n<p>2.<span>\u00a0<\/span><strong>Con tarjeta bancaria en las oficinas de la Central de Visados Rusos.<\/strong><\/p>\n<p><span><strong><u>EL IMPORTE ABONADO POR EL\/LOS VISADO\/S NO SER\u00c1 REEMBOLSADO BAJO NING\u00daN CONCEPTO, AUNQUE EL SOLICITANTE NO RECOJA SU VISADO.<\/u><\/strong><\/span><\/p>\n<\/div>\n<\/article>\n<\/div>\n<div id=\"sidebar\">\n<div id=\"search-2\" class=\"widget et_pb_widget widget_search\"><\/div>\n<\/div>\n<p>[\/et_pb_blurb][\/et_pb_column][\/et_pb_row][\/et_pb_section]<\/p>\n","protected":false},"excerpt":{"rendered":"<p>GESTION DE VISADOS Tasas, Plazos y Forma de Pago * Tr\u00e1mite urgente en 3 d\u00edas laborables de ninguna forma es autom\u00e1tico, por favor, consulte esta posibilidad ANTES DE REALIZAR EL PAGO. Tipo de visado segun cantidad de entradas Tramitacion ordianria Tramitacion urgente Una entrada 103\u20ac consultar Dos entradas 148\u20ac consultar Multiples entradas 255\u20ac consultar Ciudadanos [&hellip;]<\/p>\n","protected":false},"author":7,"featured_media":0,"parent":0,"menu_order":0,"comment_status":"closed","ping_status":"closed","template":"","meta":{"_et_pb_use_builder":"on","_et_pb_old_content":"[su_button url=\"https:\/\/centraldevisadosrusos.com\/inicio-madrid\/tasas-plazos-formas-pago-madrid\/\" background=\"#70121a\" color=\"#fff\" size=\"11\" wide=\"yes\" center=\"yes\" radius=\"5\" icon=\"icon: thumbs-o-up\" icon_color=\"#fff\"]CONSULTE TASAS, PLAZOS Y FORMAS DE PAGO EN MADRID[\/su_button]\r\n[su_button url=\"https:\/\/centraldevisadosrusos.com\/inicio-barcelona\/tasas-plazos-forma-pago-barcelona\/\" background=\"#70121a\" color=\"#fff\" size=\"11\" wide=\"yes\" center=\"yes\" radius=\"5\" icon=\"icon: thumbs-o-up\" icon_color=\"#fff\"]CONSULTE TASAS, PLAZOS Y FORMAS DE PAGO EN BARCELONA[\/su_button]","_et_gb_content_width":"","footnotes":""},"class_list":["post-47","page","type-page","status-publish","hentry"],"yoast_head":"<!-- This site is optimized with the Yoast SEO plugin v27.0 - https:\/\/yoast.com\/product\/yoast-seo-wordpress\/ -->\n<title>Gestion de visados - Central de Visados Rusos<\/title>\n<meta name=\"robots\" content=\"index, follow, max-snippet:-1, max-image-preview:large, max-video-preview:-1\" \/>\n<link rel=\"canonical\" href=\"https:\/\/centraldevisadosrusos.com\/cat\/gestion-de-visados\/\" \/>\n<meta property=\"og:locale\" content=\"ca_ES\" \/>\n<meta property=\"og:type\" content=\"article\" \/>\n<meta property=\"og:title\" content=\"Gestion de visados - Central de Visados Rusos\" \/>\n<meta property=\"og:description\" content=\"GESTION DE VISADOS Tasas, Plazos y Forma de Pago * Tr\u00e1mite urgente en 3 d\u00edas laborables de ninguna forma es autom\u00e1tico, por favor, consulte esta posibilidad ANTES DE REALIZAR EL PAGO. Tipo de visado segun cantidad de entradas Tramitacion ordianria Tramitacion urgente Una entrada 103\u20ac consultar Dos entradas 148\u20ac consultar Multiples entradas 255\u20ac consultar Ciudadanos [&hellip;]\" \/>\n<meta property=\"og:url\" content=\"https:\/\/centraldevisadosrusos.com\/cat\/gestion-de-visados\/\" \/>\n<meta property=\"og:site_name\" content=\"Central de Visados Rusos\" \/>\n<meta property=\"article:modified_time\" content=\"2025-12-25T18:21:22+00:00\" \/>\n<meta name=\"twitter:label1\" content=\"Temps estimat de lectura\" \/>\n\t<meta name=\"twitter:data1\" content=\"6 minuts\" \/>\n<script type=\"application\/ld+json\" class=\"yoast-schema-graph\">{\"@context\":\"https:\/\/schema.org\",\"@graph\":[{\"@type\":\"WebPage\",\"@id\":\"https:\/\/centraldevisadosrusos.com\/gestion-de-visados\/\",\"url\":\"https:\/\/centraldevisadosrusos.com\/gestion-de-visados\/\",\"name\":\"Gestion de visados - Central de Visados Rusos\",\"isPartOf\":{\"@id\":\"https:\/\/centraldevisadosrusos.com\/#website\"},\"datePublished\":\"2015-02-24T12:14:00+00:00\",\"dateModified\":\"2025-12-25T18:21:22+00:00\",\"breadcrumb\":{\"@id\":\"https:\/\/centraldevisadosrusos.com\/gestion-de-visados\/#breadcrumb\"},\"inLanguage\":\"ca\",\"potentialAction\":[{\"@type\":\"ReadAction\",\"target\":[\"https:\/\/centraldevisadosrusos.com\/gestion-de-visados\/\"]}]},{\"@type\":\"BreadcrumbList\",\"@id\":\"https:\/\/centraldevisadosrusos.com\/gestion-de-visados\/#breadcrumb\",\"itemListElement\":[{\"@type\":\"ListItem\",\"position\":1,\"name\":\"Home\",\"item\":\"https:\/\/centraldevisadosrusos.com\/\"},{\"@type\":\"ListItem\",\"position\":2,\"name\":\"Gestion de visados\"}]},{\"@type\":\"WebSite\",\"@id\":\"https:\/\/centraldevisadosrusos.com\/#website\",\"url\":\"https:\/\/centraldevisadosrusos.com\/\",\"name\":\"Central de Visados Rusos\",\"description\":\"Central de Visados Rusos\",\"potentialAction\":[{\"@type\":\"SearchAction\",\"target\":{\"@type\":\"EntryPoint\",\"urlTemplate\":\"https:\/\/centraldevisadosrusos.com\/?s={search_term_string}\"},\"query-input\":{\"@type\":\"PropertyValueSpecification\",\"valueRequired\":true,\"valueName\":\"search_term_string\"}}],\"inLanguage\":\"ca\"}]}<\/script>\n<!-- \/ Yoast SEO plugin. -->","yoast_head_json":{"title":"Gestion de visados - Central de Visados Rusos","robots":{"index":"index","follow":"follow","max-snippet":"max-snippet:-1","max-image-preview":"max-image-preview:large","max-video-preview":"max-video-preview:-1"},"canonical":"https:\/\/centraldevisadosrusos.com\/cat\/gestion-de-visados\/","og_locale":"ca_ES","og_type":"article","og_title":"Gestion de visados - Central de Visados Rusos","og_description":"GESTION DE VISADOS Tasas, Plazos y Forma de Pago * Tr\u00e1mite urgente en 3 d\u00edas laborables de ninguna forma es autom\u00e1tico, por favor, consulte esta posibilidad ANTES DE REALIZAR EL PAGO. Tipo de visado segun cantidad de entradas Tramitacion ordianria Tramitacion urgente Una entrada 103\u20ac consultar Dos entradas 148\u20ac consultar Multiples entradas 255\u20ac consultar Ciudadanos [&hellip;]","og_url":"https:\/\/centraldevisadosrusos.com\/cat\/gestion-de-visados\/","og_site_name":"Central de Visados Rusos","article_modified_time":"2025-12-25T18:21:22+00:00","twitter_misc":{"Temps estimat de lectura":"6 minuts"},"schema":{"@context":"https:\/\/schema.org","@graph":[{"@type":"WebPage","@id":"https:\/\/centraldevisadosrusos.com\/gestion-de-visados\/","url":"https:\/\/centraldevisadosrusos.com\/gestion-de-visados\/","name":"Gestion de visados - Central de Visados Rusos","isPartOf":{"@id":"https:\/\/centraldevisadosrusos.com\/#website"},"datePublished":"2015-02-24T12:14:00+00:00","dateModified":"2025-12-25T18:21:22+00:00","breadcrumb":{"@id":"https:\/\/centraldevisadosrusos.com\/gestion-de-visados\/#breadcrumb"},"inLanguage":"ca","potentialAction":[{"@type":"ReadAction","target":["https:\/\/centraldevisadosrusos.com\/gestion-de-visados\/"]}]},{"@type":"BreadcrumbList","@id":"https:\/\/centraldevisadosrusos.com\/gestion-de-visados\/#breadcrumb","itemListElement":[{"@type":"ListItem","position":1,"name":"Home","item":"https:\/\/centraldevisadosrusos.com\/"},{"@type":"ListItem","position":2,"name":"Gestion de visados"}]},{"@type":"WebSite","@id":"https:\/\/centraldevisadosrusos.com\/#website","url":"https:\/\/centraldevisadosrusos.com\/","name":"Central de Visados Rusos","description":"Central de Visados Rusos","potentialAction":[{"@type":"SearchAction","target":{"@type":"EntryPoint","urlTemplate":"https:\/\/centraldevisadosrusos.com\/?s={search_term_string}"},"query-input":{"@type":"PropertyValueSpecification","valueRequired":true,"valueName":"search_term_string"}}],"inLanguage":"ca"}]}},"_links":{"self":[{"href":"https:\/\/centraldevisadosrusos.com\/cat\/wp-json\/wp\/v2\/pages\/47","targetHints":{"allow":["GET"]}}],"collection":[{"href":"https:\/\/centraldevisadosrusos.com\/cat\/wp-json\/wp\/v2\/pages"}],"about":[{"href":"https:\/\/centraldevisadosrusos.com\/cat\/wp-json\/wp\/v2\/types\/page"}],"author":[{"embeddable":true,"href":"https:\/\/centraldevisadosrusos.com\/cat\/wp-json\/wp\/v2\/users\/7"}],"replies":[{"embeddable":true,"href":"https:\/\/centraldevisadosrusos.com\/cat\/wp-json\/wp\/v2\/comments?post=47"}],"version-history":[{"count":53,"href":"https:\/\/centraldevisadosrusos.com\/cat\/wp-json\/wp\/v2\/pages\/47\/revisions"}],"predecessor-version":[{"id":52643,"href":"https:\/\/centraldevisadosrusos.com\/cat\/wp-json\/wp\/v2\/pages\/47\/revisions\/52643"}],"wp:attachment":[{"href":"https:\/\/centraldevisadosrusos.com\/cat\/wp-json\/wp\/v2\/media?parent=47"}],"curies":[{"name":"wp","href":"https:\/\/api.w.org\/{rel}","templated":true}]}}