{"id":38,"date":"2015-02-24T12:11:00","date_gmt":"2015-02-24T12:11:00","guid":{"rendered":"http:\/\/centraldevisadosrusos.com\/NEW\/?page_id=38"},"modified":"2026-03-23T12:20:48","modified_gmt":"2026-03-23T12:20:48","slug":"informacion","status":"publish","type":"page","link":"https:\/\/centraldevisadosrusos.com\/cat\/informacion\/","title":{"rendered":"Informaci\u00f3n"},"content":{"rendered":"<p>[et_pb_section fb_built=\u00bb1&#8243; admin_label=\u00bbFrequently Asked Questions\u00bb _builder_version=\u00bb4.16&#8243; background_color=\u00bb#f8fbfe\u00bb custom_padding=\u00bb54px|0px|100px|0px\u00bb global_colors_info=\u00bb{}\u00bb][et_pb_row _builder_version=\u00bb4.27.5&#8243; custom_padding=\u00bb||||false|false\u00bb border_radii=\u00bbon|10px|10px|10px|10px\u00bb border_width_top=\u00bb10px\u00bb border_color_top=\u00bb#8e1820&#8243; global_colors_info=\u00bb{}\u00bb][et_pb_column type=\u00bb4_4&#8243; _builder_version=\u00bb4.16&#8243; custom_padding=\u00bb|||\u00bb global_colors_info=\u00bb{}\u00bb custom_padding__hover=\u00bb|||\u00bb][et_pb_text _builder_version=\u00bb4.27.5&#8243; text_font=\u00bbNunito Sans|||on|||||\u00bb text_text_color=\u00bb#959baf\u00bb text_font_size=\u00bb18px\u00bb text_line_height=\u00bb1.8em\u00bb header_font=\u00bb||||||||\u00bb header_text_align=\u00bbcenter\u00bb header_text_color=\u00bb#242424&#8243; header_font_size=\u00bb45px\u00bb header_2_font=\u00bbNunito Sans|700|||||||\u00bb header_2_text_color=\u00bb#535b7c\u00bb header_2_font_size=\u00bb35px\u00bb header_2_line_height=\u00bb1.3em\u00bb text_orientation=\u00bbcenter\u00bb module_alignment=\u00bbcenter\u00bb custom_padding=\u00bb||||false|false\u00bb global_colors_info=\u00bb{}\u00bb]<\/p>\n<h1 class=\"entry-title main_title\">Informaci\u00f3n adicional<\/h1>\n<p>[\/et_pb_text][\/et_pb_column][\/et_pb_row][et_pb_row use_custom_gutter=\u00bbon\u00bb gutter_width=\u00bb2&#8243; _builder_version=\u00bb4.27.5&#8243; custom_padding=\u00bb0px||||false|false\u00bb global_colors_info=\u00bb{}\u00bb][et_pb_column type=\u00bb4_4&#8243; _builder_version=\u00bb4.16&#8243; background_color_gradient_direction=\u00bb243deg\u00bb custom_padding=\u00bb|||\u00bb global_colors_info=\u00bb{}\u00bb custom_padding__hover=\u00bb|||\u00bb][et_pb_blurb icon_placement=\u00bbleft\u00bb content_max_width=\u00bb90%\u00bb _builder_version=\u00bb4.27.5&#8243; header_font=\u00bbNunito Sans|600|||||||\u00bb header_text_align=\u00bbleft\u00bb header_text_color=\u00bb#535b7c\u00bb header_line_height=\u00bb1.4em\u00bb body_font=\u00bbNunito Sans||||||||\u00bb body_text_align=\u00bbleft\u00bb body_text_color=\u00bb#242424&#8243; body_font_size=\u00bb16px\u00bb background_color=\u00bb#ffffff\u00bb text_orientation=\u00bbcenter\u00bb custom_margin=\u00bb||||false|false\u00bb custom_padding=\u00bb20px||20px||false|false\u00bb animation_style=\u00bbzoom\u00bb animation_intensity_zoom=\u00bb5%\u00bb border_radii=\u00bbon|4px|4px|4px|4px\u00bb border_width_top=\u00bb6px\u00bb border_color_top=\u00bb#8e1820&#8243; box_shadow_style=\u00bbpreset3&#8243; box_shadow_color=\u00bbrgba(34,56,101,0.12)\u00bb global_colors_info=\u00bb{}\u00bb]<\/p>\n<p>El solicitante deber\u00e1 especificar el motivo de entrada en la Federaci\u00f3n de Rusia y presentar los documentos que justifiquen su viaje. El tipo de visado solicitado tiene que guardar coherencia con el motivo del viaje. Los funcionarios responsables de la tramitaci\u00f3n de visados, entre otras circunstancias, podr\u00e1n exigir la presentaci\u00f3n de pruebas que justifiquen o establezcan la verosimilitud del motivo de entrada invocado.<\/p>\n<p>Los t\u00edtulos de viaje expedidos por la Direcci\u00f3n General de Polic\u00eda del Ministerio del Interior de Espa\u00f1a en virtud del art.108 del Reglamento de la Ley Org\u00e1nica 4\/2000, de 11 de enero, sobre derechos y libertades de los extranjeros en Espa\u00f1a y su integraci\u00f3n social, NO son reconocidos por la Federaci\u00f3n de Rusia como documentos de identidad para viajes al extranjero. Todo titular de un t\u00edtulo de viaje que desee entrar en territorio de la Federaci\u00f3n de Rusia deber\u00e1 conseguir el pasaporte v\u00e1lido para viajes al extranjero, emitido por las autoridades del pa\u00eds de su nacionalidad.<\/p>\n<p>No se puede expedir un visado en un pasaporte antes de que sea utilizado o cancelado el visado ruso expedido previamente.<\/p>\n<p>[\/et_pb_blurb][\/et_pb_column][\/et_pb_row][\/et_pb_section]<\/p>\n","protected":false},"excerpt":{"rendered":"<p>Informaci\u00f3n adicionalEl solicitante deber\u00e1 especificar el motivo de entrada en la Federaci\u00f3n de Rusia y presentar los documentos que justifiquen su viaje. El tipo de visado solicitado tiene que guardar coherencia con el motivo del viaje. Los funcionarios responsables de la tramitaci\u00f3n de visados, entre otras circunstancias, podr\u00e1n exigir la presentaci\u00f3n de pruebas que justifiquen [&hellip;]<\/p>\n","protected":false},"author":7,"featured_media":0,"parent":0,"menu_order":0,"comment_status":"closed","ping_status":"closed","template":"","meta":{"_et_pb_use_builder":"on","_et_pb_old_content":"[su_animate]\r\n[su_box title=\"INFORMACI\u00d3N ADICIONAL:\" style=\"soft\" box_color=\"#70121a\"]\r\n\r\nEl solicitante deber\u00e1 especificar el motivo de entrada en la Federaci\u00f3n de Rusia y presentar los documentos que justifiquen su viaje. El tipo de visado solicitado tiene que guardar coherencia con el motivo del viaje. Los funcionarios responsables de la tramitaci\u00f3n de visados, entre otras circunstancias, podr\u00e1n exigir la presentaci\u00f3n de pruebas que justifiquen o establezcan la verosimilitud del motivo de entrada invocado.\r\n\r\nLos t\u00edtulos de viaje expedidos por la Direcci\u00f3n General de Polic\u00eda del Ministerio del Interior de Espa\u00f1a en virtud del<strong> art.108 del Reglamento de la Ley Org\u00e1nica 4\/2000, de 11 de enero<\/strong>, sobre derechos y libertades de los extranjeros en Espa\u00f1a y su integraci\u00f3n social, <strong>NO son reconocidos<\/strong> por la Federaci\u00f3n de Rusia como documentos de identidad para viajes al extranjero. Todo titular de un t\u00edtulo de viaje que desee entrar en territorio de la Federaci\u00f3n de Rusia deber\u00e1 conseguir el pasaporte v\u00e1lido para viajes al extranjero, emitido por las autoridades del pa\u00eds de su nacionalidad.\r\n\r\nNo se puede expedir un visado en un pasaporte antes de que sea utilizado o cancelado el visado ruso expedido previamente.\r\n\r\nEn la Federaci\u00f3n de Rusia no existe ning\u00fan tipo de visado familiar. Cualquier tipo de filiaci\u00f3n conyugal u otro parentesco (padres incluidos) con un ciudadano de Rusia no permite al extranjero tener un visado para la entrada a Rusia. Tampoco se expedir\u00e1 un visado por invitaci\u00f3n de un ciudadano de Rusia que se encuentre fuera del territorio de Rusia. En caso de necesidad de visitar a los familiares en Rusia el extranjero tendr\u00e1 que solicitar un <a href=\"https:\/\/centraldevisadosrusos.com\/tramite-de-visados\/visados-para-viajes-privados\/\" target=\"_blank\">visado para viaje privado<\/a>.\r\n[\/su_box]\r\n\r\n[\/su_animate]","_et_gb_content_width":"","footnotes":""},"class_list":["post-38","page","type-page","status-publish","hentry"],"yoast_head":"<!-- This site is optimized with the Yoast SEO plugin v27.0 - https:\/\/yoast.com\/product\/yoast-seo-wordpress\/ -->\n<title>Informaci\u00f3n - Central de Visados Rusos<\/title>\n<meta name=\"robots\" content=\"index, follow, max-snippet:-1, max-image-preview:large, max-video-preview:-1\" \/>\n<link rel=\"canonical\" href=\"https:\/\/centraldevisadosrusos.com\/cat\/informacion\/\" \/>\n<meta property=\"og:locale\" content=\"ca_ES\" \/>\n<meta property=\"og:type\" content=\"article\" \/>\n<meta property=\"og:title\" content=\"Informaci\u00f3n - Central de Visados Rusos\" \/>\n<meta property=\"og:description\" content=\"Informaci\u00f3n adicionalEl solicitante deber\u00e1 especificar el motivo de entrada en la Federaci\u00f3n de Rusia y presentar los documentos que justifiquen su viaje. El tipo de visado solicitado tiene que guardar coherencia con el motivo del viaje. Los funcionarios responsables de la tramitaci\u00f3n de visados, entre otras circunstancias, podr\u00e1n exigir la presentaci\u00f3n de pruebas que justifiquen [&hellip;]\" \/>\n<meta property=\"og:url\" content=\"https:\/\/centraldevisadosrusos.com\/cat\/informacion\/\" \/>\n<meta property=\"og:site_name\" content=\"Central de Visados Rusos\" \/>\n<meta property=\"article:modified_time\" content=\"2026-03-23T12:20:48+00:00\" \/>\n<meta name=\"twitter:label1\" content=\"Temps estimat de lectura\" \/>\n\t<meta name=\"twitter:data1\" content=\"2 minuts\" \/>\n<script type=\"application\/ld+json\" class=\"yoast-schema-graph\">{\"@context\":\"https:\/\/schema.org\",\"@graph\":[{\"@type\":\"WebPage\",\"@id\":\"https:\/\/centraldevisadosrusos.com\/informacion\/\",\"url\":\"https:\/\/centraldevisadosrusos.com\/informacion\/\",\"name\":\"Informaci\u00f3n - Central de Visados Rusos\",\"isPartOf\":{\"@id\":\"https:\/\/centraldevisadosrusos.com\/#website\"},\"datePublished\":\"2015-02-24T12:11:00+00:00\",\"dateModified\":\"2026-03-23T12:20:48+00:00\",\"breadcrumb\":{\"@id\":\"https:\/\/centraldevisadosrusos.com\/informacion\/#breadcrumb\"},\"inLanguage\":\"ca\",\"potentialAction\":[{\"@type\":\"ReadAction\",\"target\":[\"https:\/\/centraldevisadosrusos.com\/informacion\/\"]}]},{\"@type\":\"BreadcrumbList\",\"@id\":\"https:\/\/centraldevisadosrusos.com\/informacion\/#breadcrumb\",\"itemListElement\":[{\"@type\":\"ListItem\",\"position\":1,\"name\":\"Home\",\"item\":\"https:\/\/centraldevisadosrusos.com\/\"},{\"@type\":\"ListItem\",\"position\":2,\"name\":\"Informaci\u00f3n\"}]},{\"@type\":\"WebSite\",\"@id\":\"https:\/\/centraldevisadosrusos.com\/#website\",\"url\":\"https:\/\/centraldevisadosrusos.com\/\",\"name\":\"Central de Visados Rusos\",\"description\":\"Central de Visados Rusos\",\"potentialAction\":[{\"@type\":\"SearchAction\",\"target\":{\"@type\":\"EntryPoint\",\"urlTemplate\":\"https:\/\/centraldevisadosrusos.com\/?s={search_term_string}\"},\"query-input\":{\"@type\":\"PropertyValueSpecification\",\"valueRequired\":true,\"valueName\":\"search_term_string\"}}],\"inLanguage\":\"ca\"}]}<\/script>\n<!-- \/ Yoast SEO plugin. -->","yoast_head_json":{"title":"Informaci\u00f3n - Central de Visados Rusos","robots":{"index":"index","follow":"follow","max-snippet":"max-snippet:-1","max-image-preview":"max-image-preview:large","max-video-preview":"max-video-preview:-1"},"canonical":"https:\/\/centraldevisadosrusos.com\/cat\/informacion\/","og_locale":"ca_ES","og_type":"article","og_title":"Informaci\u00f3n - Central de Visados Rusos","og_description":"Informaci\u00f3n adicionalEl solicitante deber\u00e1 especificar el motivo de entrada en la Federaci\u00f3n de Rusia y presentar los documentos que justifiquen su viaje. El tipo de visado solicitado tiene que guardar coherencia con el motivo del viaje. Los funcionarios responsables de la tramitaci\u00f3n de visados, entre otras circunstancias, podr\u00e1n exigir la presentaci\u00f3n de pruebas que justifiquen [&hellip;]","og_url":"https:\/\/centraldevisadosrusos.com\/cat\/informacion\/","og_site_name":"Central de Visados Rusos","article_modified_time":"2026-03-23T12:20:48+00:00","twitter_misc":{"Temps estimat de lectura":"2 minuts"},"schema":{"@context":"https:\/\/schema.org","@graph":[{"@type":"WebPage","@id":"https:\/\/centraldevisadosrusos.com\/informacion\/","url":"https:\/\/centraldevisadosrusos.com\/informacion\/","name":"Informaci\u00f3n - Central de Visados Rusos","isPartOf":{"@id":"https:\/\/centraldevisadosrusos.com\/#website"},"datePublished":"2015-02-24T12:11:00+00:00","dateModified":"2026-03-23T12:20:48+00:00","breadcrumb":{"@id":"https:\/\/centraldevisadosrusos.com\/informacion\/#breadcrumb"},"inLanguage":"ca","potentialAction":[{"@type":"ReadAction","target":["https:\/\/centraldevisadosrusos.com\/informacion\/"]}]},{"@type":"BreadcrumbList","@id":"https:\/\/centraldevisadosrusos.com\/informacion\/#breadcrumb","itemListElement":[{"@type":"ListItem","position":1,"name":"Home","item":"https:\/\/centraldevisadosrusos.com\/"},{"@type":"ListItem","position":2,"name":"Informaci\u00f3n"}]},{"@type":"WebSite","@id":"https:\/\/centraldevisadosrusos.com\/#website","url":"https:\/\/centraldevisadosrusos.com\/","name":"Central de Visados Rusos","description":"Central de Visados Rusos","potentialAction":[{"@type":"SearchAction","target":{"@type":"EntryPoint","urlTemplate":"https:\/\/centraldevisadosrusos.com\/?s={search_term_string}"},"query-input":{"@type":"PropertyValueSpecification","valueRequired":true,"valueName":"search_term_string"}}],"inLanguage":"ca"}]}},"_links":{"self":[{"href":"https:\/\/centraldevisadosrusos.com\/cat\/wp-json\/wp\/v2\/pages\/38","targetHints":{"allow":["GET"]}}],"collection":[{"href":"https:\/\/centraldevisadosrusos.com\/cat\/wp-json\/wp\/v2\/pages"}],"about":[{"href":"https:\/\/centraldevisadosrusos.com\/cat\/wp-json\/wp\/v2\/types\/page"}],"author":[{"embeddable":true,"href":"https:\/\/centraldevisadosrusos.com\/cat\/wp-json\/wp\/v2\/users\/7"}],"replies":[{"embeddable":true,"href":"https:\/\/centraldevisadosrusos.com\/cat\/wp-json\/wp\/v2\/comments?post=38"}],"version-history":[{"count":16,"href":"https:\/\/centraldevisadosrusos.com\/cat\/wp-json\/wp\/v2\/pages\/38\/revisions"}],"predecessor-version":[{"id":52755,"href":"https:\/\/centraldevisadosrusos.com\/cat\/wp-json\/wp\/v2\/pages\/38\/revisions\/52755"}],"wp:attachment":[{"href":"https:\/\/centraldevisadosrusos.com\/cat\/wp-json\/wp\/v2\/media?parent=38"}],"curies":[{"name":"wp","href":"https:\/\/api.w.org\/{rel}","templated":true}]}}