{"id":26,"date":"2015-02-24T12:07:33","date_gmt":"2015-02-24T12:07:33","guid":{"rendered":"http:\/\/centraldevisadosrusos.com\/NEW\/?page_id=26"},"modified":"2025-12-20T14:58:09","modified_gmt":"2025-12-20T14:58:09","slug":"visados-de-negocios","status":"publish","type":"page","link":"https:\/\/centraldevisadosrusos.com\/cat\/tipos-de-visados\/visados-de-negocios\/","title":{"rendered":"Visats de negocis"},"content":{"rendered":"<p>Debe solicitar visado de negocios a Rusia las personas que realicen viajes de car\u00e1cter profesional. Pueden ser de una o dos entradas y hasta 90 d\u00edas de duraci\u00f3n o un a\u00f1o con m\u00faltiples entradas.<\/p>\n<p>Para solicitarlo es necesario disponer de una invitaci\u00f3n expedida por una instituci\u00f3n o empresa rusa tramitada a trav\u00e9s del departamento territorial de Interior o de la Direcci\u00f3n General de Asuntos Consulares del Ministerio de Asuntos Exteriores (MAE) de la Federaci\u00f3n de Rusia o una carta de invitaci\u00f3n escrita por una empresa rusa dirigida al consulado de Rusia.<\/p>\n<p>[su_button url=\u00bbhttps:\/\/centraldevisadosrusos.com\/inicio-madrid\/\u00bb background=\u00bb#70121a\u00bb color=\u00bb#fff\u00bb size=\u00bb11&#8243; wide=\u00bbyes\u00bb center=\u00bbyes\u00bb radius=\u00bb5&#8243; icon=\u00bbicon: thumbs-o-up\u00bb icon_color=\u00bb#fff\u00bb]SOLICITE SU VISADO EN NUESTRA OFICINA DE MADRID[\/su_button]<br \/>\n[su_button url=\u00bbhttps:\/\/centraldevisadosrusos.com\/inicio-barcelona-2\/\u00bb background=\u00bb#70121a\u00bb color=\u00bb#fff\u00bb size=\u00bb11&#8243; wide=\u00bbyes\u00bb center=\u00bbyes\u00bb radius=\u00bb5&#8243; icon=\u00bbicon: thumbs-o-up\u00bb icon_color=\u00bb#fff\u00bb]SOLICITE SU VISADO EN NUESTRA OFICINA DE BARCELONA[\/su_button]<\/p>\n","protected":false},"excerpt":{"rendered":"<p>Debe solicitar visado de negocios a Rusia las personas que realicen viajes de car\u00e1cter profesional. Pueden ser de una o dos entradas y hasta 90 d\u00edas de duraci\u00f3n o un a\u00f1o con m\u00faltiples entradas. Para solicitarlo es necesario disponer de una invitaci\u00f3n expedida por una instituci\u00f3n o empresa rusa tramitada a trav\u00e9s del departamento territorial [&hellip;]<\/p>\n","protected":false},"author":1,"featured_media":0,"parent":23,"menu_order":0,"comment_status":"closed","ping_status":"closed","template":"","meta":{"_et_pb_use_builder":"","_et_pb_old_content":"","_et_gb_content_width":"","footnotes":""},"class_list":["post-26","page","type-page","status-publish","hentry"],"yoast_head":"<!-- This site is optimized with the Yoast SEO plugin v27.0 - https:\/\/yoast.com\/product\/yoast-seo-wordpress\/ -->\n<title>Visados de negocios - Central de Visados Rusos<\/title>\n<meta name=\"robots\" content=\"index, follow, max-snippet:-1, max-image-preview:large, max-video-preview:-1\" \/>\n<link rel=\"canonical\" href=\"https:\/\/centraldevisadosrusos.com\/cat\/tipos-de-visados\/visados-de-negocios\/\" \/>\n<meta property=\"og:locale\" content=\"ca_ES\" \/>\n<meta property=\"og:type\" content=\"article\" \/>\n<meta property=\"og:title\" content=\"Visados de negocios - Central de Visados Rusos\" \/>\n<meta property=\"og:description\" content=\"Debe solicitar visado de negocios a Rusia las personas que realicen viajes de car\u00e1cter profesional. Pueden ser de una o dos entradas y hasta 90 d\u00edas de duraci\u00f3n o un a\u00f1o con m\u00faltiples entradas. Para solicitarlo es necesario disponer de una invitaci\u00f3n expedida por una instituci\u00f3n o empresa rusa tramitada a trav\u00e9s del departamento territorial [&hellip;]\" \/>\n<meta property=\"og:url\" content=\"https:\/\/centraldevisadosrusos.com\/cat\/tipos-de-visados\/visados-de-negocios\/\" \/>\n<meta property=\"og:site_name\" content=\"Central de Visados Rusos\" \/>\n<meta property=\"article:modified_time\" content=\"2025-12-20T14:58:09+00:00\" \/>\n<meta name=\"twitter:label1\" content=\"Temps estimat de lectura\" \/>\n\t<meta name=\"twitter:data1\" content=\"1 minut\" \/>\n<script type=\"application\/ld+json\" class=\"yoast-schema-graph\">{\"@context\":\"https:\/\/schema.org\",\"@graph\":[{\"@type\":\"WebPage\",\"@id\":\"https:\/\/centraldevisadosrusos.com\/tipos-de-visados\/visados-de-negocios\/\",\"url\":\"https:\/\/centraldevisadosrusos.com\/tipos-de-visados\/visados-de-negocios\/\",\"name\":\"Visados de negocios - Central de Visados Rusos\",\"isPartOf\":{\"@id\":\"https:\/\/centraldevisadosrusos.com\/#website\"},\"datePublished\":\"2015-02-24T12:07:33+00:00\",\"dateModified\":\"2025-12-20T14:58:09+00:00\",\"breadcrumb\":{\"@id\":\"https:\/\/centraldevisadosrusos.com\/tipos-de-visados\/visados-de-negocios\/#breadcrumb\"},\"inLanguage\":\"ca\",\"potentialAction\":[{\"@type\":\"ReadAction\",\"target\":[\"https:\/\/centraldevisadosrusos.com\/tipos-de-visados\/visados-de-negocios\/\"]}]},{\"@type\":\"BreadcrumbList\",\"@id\":\"https:\/\/centraldevisadosrusos.com\/tipos-de-visados\/visados-de-negocios\/#breadcrumb\",\"itemListElement\":[{\"@type\":\"ListItem\",\"position\":1,\"name\":\"Home\",\"item\":\"https:\/\/centraldevisadosrusos.com\/\"},{\"@type\":\"ListItem\",\"position\":2,\"name\":\"Tipos de Visados\",\"item\":\"https:\/\/centraldevisadosrusos.com\/tipos-de-visados\/\"},{\"@type\":\"ListItem\",\"position\":3,\"name\":\"Visados de negocios\"}]},{\"@type\":\"WebSite\",\"@id\":\"https:\/\/centraldevisadosrusos.com\/#website\",\"url\":\"https:\/\/centraldevisadosrusos.com\/\",\"name\":\"Central de Visados Rusos\",\"description\":\"Central de Visados Rusos\",\"potentialAction\":[{\"@type\":\"SearchAction\",\"target\":{\"@type\":\"EntryPoint\",\"urlTemplate\":\"https:\/\/centraldevisadosrusos.com\/?s={search_term_string}\"},\"query-input\":{\"@type\":\"PropertyValueSpecification\",\"valueRequired\":true,\"valueName\":\"search_term_string\"}}],\"inLanguage\":\"ca\"}]}<\/script>\n<!-- \/ Yoast SEO plugin. -->","yoast_head_json":{"title":"Visados de negocios - Central de Visados Rusos","robots":{"index":"index","follow":"follow","max-snippet":"max-snippet:-1","max-image-preview":"max-image-preview:large","max-video-preview":"max-video-preview:-1"},"canonical":"https:\/\/centraldevisadosrusos.com\/cat\/tipos-de-visados\/visados-de-negocios\/","og_locale":"ca_ES","og_type":"article","og_title":"Visados de negocios - Central de Visados Rusos","og_description":"Debe solicitar visado de negocios a Rusia las personas que realicen viajes de car\u00e1cter profesional. Pueden ser de una o dos entradas y hasta 90 d\u00edas de duraci\u00f3n o un a\u00f1o con m\u00faltiples entradas. Para solicitarlo es necesario disponer de una invitaci\u00f3n expedida por una instituci\u00f3n o empresa rusa tramitada a trav\u00e9s del departamento territorial [&hellip;]","og_url":"https:\/\/centraldevisadosrusos.com\/cat\/tipos-de-visados\/visados-de-negocios\/","og_site_name":"Central de Visados Rusos","article_modified_time":"2025-12-20T14:58:09+00:00","twitter_misc":{"Temps estimat de lectura":"1 minut"},"schema":{"@context":"https:\/\/schema.org","@graph":[{"@type":"WebPage","@id":"https:\/\/centraldevisadosrusos.com\/tipos-de-visados\/visados-de-negocios\/","url":"https:\/\/centraldevisadosrusos.com\/tipos-de-visados\/visados-de-negocios\/","name":"Visados de negocios - Central de Visados Rusos","isPartOf":{"@id":"https:\/\/centraldevisadosrusos.com\/#website"},"datePublished":"2015-02-24T12:07:33+00:00","dateModified":"2025-12-20T14:58:09+00:00","breadcrumb":{"@id":"https:\/\/centraldevisadosrusos.com\/tipos-de-visados\/visados-de-negocios\/#breadcrumb"},"inLanguage":"ca","potentialAction":[{"@type":"ReadAction","target":["https:\/\/centraldevisadosrusos.com\/tipos-de-visados\/visados-de-negocios\/"]}]},{"@type":"BreadcrumbList","@id":"https:\/\/centraldevisadosrusos.com\/tipos-de-visados\/visados-de-negocios\/#breadcrumb","itemListElement":[{"@type":"ListItem","position":1,"name":"Home","item":"https:\/\/centraldevisadosrusos.com\/"},{"@type":"ListItem","position":2,"name":"Tipos de Visados","item":"https:\/\/centraldevisadosrusos.com\/tipos-de-visados\/"},{"@type":"ListItem","position":3,"name":"Visados de negocios"}]},{"@type":"WebSite","@id":"https:\/\/centraldevisadosrusos.com\/#website","url":"https:\/\/centraldevisadosrusos.com\/","name":"Central de Visados Rusos","description":"Central de Visados Rusos","potentialAction":[{"@type":"SearchAction","target":{"@type":"EntryPoint","urlTemplate":"https:\/\/centraldevisadosrusos.com\/?s={search_term_string}"},"query-input":{"@type":"PropertyValueSpecification","valueRequired":true,"valueName":"search_term_string"}}],"inLanguage":"ca"}]}},"_links":{"self":[{"href":"https:\/\/centraldevisadosrusos.com\/cat\/wp-json\/wp\/v2\/pages\/26","targetHints":{"allow":["GET"]}}],"collection":[{"href":"https:\/\/centraldevisadosrusos.com\/cat\/wp-json\/wp\/v2\/pages"}],"about":[{"href":"https:\/\/centraldevisadosrusos.com\/cat\/wp-json\/wp\/v2\/types\/page"}],"author":[{"embeddable":true,"href":"https:\/\/centraldevisadosrusos.com\/cat\/wp-json\/wp\/v2\/users\/1"}],"replies":[{"embeddable":true,"href":"https:\/\/centraldevisadosrusos.com\/cat\/wp-json\/wp\/v2\/comments?post=26"}],"version-history":[{"count":9,"href":"https:\/\/centraldevisadosrusos.com\/cat\/wp-json\/wp\/v2\/pages\/26\/revisions"}],"predecessor-version":[{"id":2368,"href":"https:\/\/centraldevisadosrusos.com\/cat\/wp-json\/wp\/v2\/pages\/26\/revisions\/2368"}],"up":[{"embeddable":true,"href":"https:\/\/centraldevisadosrusos.com\/cat\/wp-json\/wp\/v2\/pages\/23"}],"wp:attachment":[{"href":"https:\/\/centraldevisadosrusos.com\/cat\/wp-json\/wp\/v2\/media?parent=26"}],"curies":[{"name":"wp","href":"https:\/\/api.w.org\/{rel}","templated":true}]}}