{"id":23,"date":"2015-02-24T12:04:17","date_gmt":"2015-02-24T12:04:17","guid":{"rendered":"http:\/\/centraldevisadosrusos.com\/NEW\/?page_id=23"},"modified":"2025-12-23T18:57:37","modified_gmt":"2025-12-23T18:57:37","slug":"tipos-de-visados","status":"publish","type":"page","link":"https:\/\/centraldevisadosrusos.com\/cat\/tipos-de-visados\/","title":{"rendered":"Tipus de Visats"},"content":{"rendered":"<p>[et_pb_section fb_built=\u00bb1&#8243; admin_label=\u00bbFrequently Asked Questions\u00bb _builder_version=\u00bb4.16&#8243; background_color=\u00bb#f8fbfe\u00bb custom_padding=\u00bb54px|0px|100px|0px\u00bb global_colors_info=\u00bb{}\u00bb][et_pb_row _builder_version=\u00bb4.27.5&#8243; background_color=\u00bb#FFFFFF\u00bb custom_padding=\u00bb||||false|false\u00bb hover_enabled=\u00bb0&#8243; border_radii=\u00bbon|10px|10px|10px|10px\u00bb border_width_top=\u00bb10px\u00bb border_color_top=\u00bb#8e1820&#8243; global_colors_info=\u00bb{}\u00bb width_last_edited=\u00bbon|phone\u00bb width_phone=\u00bb100%\u00bb sticky_enabled=\u00bb0&#8243;][et_pb_column type=\u00bb4_4&#8243; _builder_version=\u00bb4.16&#8243; custom_padding=\u00bb|||\u00bb global_colors_info=\u00bb{}\u00bb custom_padding__hover=\u00bb|||\u00bb][et_pb_heading title=\u00bbTIPOS DE VISADOS\u00bb _builder_version=\u00bb4.27.5&#8243; _module_preset=\u00bbdefault\u00bb title_font=\u00bb|600||on|||||\u00bb title_text_align=\u00bbcenter\u00bb title_text_color=\u00bb#474747&#8243; title_font_size=\u00bb37px\u00bb global_colors_info=\u00bb{}\u00bb][\/et_pb_heading][\/et_pb_column][\/et_pb_row][et_pb_row column_structure=\u00bb1_2,1_2&#8243; use_custom_gutter=\u00bbon\u00bb gutter_width=\u00bb2&#8243; _builder_version=\u00bb4.27.5&#8243; custom_padding=\u00bb15px||15px|\u00bb hover_enabled=\u00bb0&#8243; global_colors_info=\u00bb{}\u00bb width_last_edited=\u00bbon|phone\u00bb width_phone=\u00bb100%\u00bb sticky_enabled=\u00bb0&#8243;][et_pb_column type=\u00bb1_2&#8243; _builder_version=\u00bb4.16&#8243; background_color_gradient_direction=\u00bb243deg\u00bb custom_padding=\u00bb|||\u00bb global_colors_info=\u00bb{}\u00bb custom_padding__hover=\u00bb|||\u00bb][et_pb_accordion closed_toggle_text_color=\u00bb#8e1820&#8243; toggle_icon=\u00bb&#x3b;||divi||400&#8243; icon_color=\u00bb#8e1820&#8243; use_icon_font_size=\u00bbon\u00bb icon_font_size=\u00bb28px\u00bb _builder_version=\u00bb4.27.5&#8243; _module_preset=\u00bbdefault\u00bb toggle_text_color=\u00bb#8e1820&#8243; toggle_level=\u00bbh2&#8243; toggle_font=\u00bb|600||on|||||\u00bb closed_toggle_font=\u00bb|600||on|||||\u00bb closed_toggle_font_size=\u00bb22px\u00bb body_text_color=\u00bb#000000&#8243; body_font_size=\u00bb17px\u00bb body_line_height=\u00bb1.8em\u00bb global_colors_info=\u00bb{}\u00bb][et_pb_accordion_item title=\u00bbVisados tur\u00edsticos\u00bb open=\u00bbon\u00bb _builder_version=\u00bb4.27.5&#8243; _module_preset=\u00bbdefault\u00bb global_colors_info=\u00bb{}\u00bb]Se expiden para estancias de car\u00e1cter tur\u00edstico que tienen por objeto \u00fanicamente actividades recreativas.<\/p>\n<p><strong>DOCUMENTACI\u00d3N A PRESENTAR:<\/strong><\/p>\n<ol>\n<li>Formulario de solicitud de visado rellenado y firmado.<\/li>\n<li>Una fotograf\u00eda original (no vale fotocopia) de tama\u00f1o 3\u00d74 (tama\u00f1o carnet).<\/li>\n<li>Pasaporte para viajes al extranjero con validez m\u00ednima de 6 meses.<\/li>\n<li>Seguro de asistencia en viaje.<\/li>\n<li>Visa support.<\/li>\n<\/ol>\n<p><a href=\"https:\/\/visa.kdmid.ru\/PetitionChoice.aspx\" target=\"_blank\" rel=\"noopener\"><i class=\"fa-solid fa-file-pen fa-xl\"><\/i><strong>\u00a0RELLENAR EL FORMULARIO ELECTR\u00d3NICO<\/strong><\/a><\/p>\n<p><a href=\"https:\/\/centraldevisadosrusos.com\/visados-turisticos\/\">Ver mas detallado <i class=\"fa-solid fa-circle-chevron-right\"><\/i><\/a>[\/et_pb_accordion_item][et_pb_accordion_item title=\u00bbVisados de negocios\u00bb _builder_version=\u00bb4.27.5&#8243; _module_preset=\u00bbdefault\u00bb global_colors_info=\u00bb{}\u00bb open=\u00bboff\u00bb]Debe solicitar visado de negocios a Rusia las personas que realicen viajes de car\u00e1cter profesional. Pueden ser de una o dos entradas y hasta 90 d\u00edas de duraci\u00f3n o un a\u00f1o con m\u00faltiples entradas.<\/p>\n<p>Para solicitarlo es necesario disponer de una invitaci\u00f3n expedida por una instituci\u00f3n o empresa rusa tramitada a trav\u00e9s del departamento territorial de Interior o de la Direcci\u00f3n General de Asuntos Consulares del Ministerio de Asuntos Exteriores (MAE) de la Federaci\u00f3n de Rusia o una carta de invitaci\u00f3n escrita por una empresa rusa dirigida al consulado de Rusia.<br \/>\n<strong>DOCUMENTACI\u00d3N A PRESENTAR:<\/strong><\/p>\n<ol>\n<li>Formulario de solicitud de visado rellenado y firmado.<\/li>\n<li>Una fotograf\u00eda original (no vale fotocopia) de tama\u00f1o 3\u00d74 (tama\u00f1o carnet).<\/li>\n<li>Pasaporte para viajes al extranjero con validez m\u00ednima de 6 meses.<\/li>\n<li>Seguro de asistencia en viaje.<\/li>\n<li>Una invitaci\u00f3n de la instituci\u00f3n o la empresa rusa que explicite el motivo del viaje a la Federaci\u00f3n Rusa.<\/li>\n<\/ol>\n<p><a href=\"https:\/\/centraldevisadosrusos.com\/wp-content\/uploads\/2017\/09\/Requisitos-para-la-carta-de-invitacion.pdf\" target=\"_blank\" rel=\"noopener\"><span><i class=\"fa-regular fa-file-pdf fa-xl\"><\/i><strong>\u00a0Requisitos para una Carta de Invitaci\u00f3n de Negocios de empresas rusas<\/strong><\/span><\/a><\/p>\n<p><a href=\"https:\/\/centraldevisadosrusos.com\/visados-de-negocios\/\">Ver mas detallado <i class=\"fa-solid fa-circle-chevron-right\"><\/i><\/a>[\/et_pb_accordion_item][et_pb_accordion_item title=\u00bbVisados humanitarios\u00bb _builder_version=\u00bb4.27.5&#8243; _module_preset=\u00bbdefault\u00bb global_colors_info=\u00bb{}\u00bb open=\u00bboff\u00bb]<\/p>\n<p>Se expiden para estancias de car\u00e1cter deportivo, intercambios culturales, estancias de car\u00e1cter cient\u00edfico-t\u00e9cnico, sociopol\u00edtico, religioso o misiones humanitarias.<\/p>\n<p><strong>DOCUMENTACI\u00d3N A PRESENTAR:<\/strong><\/p>\n<ol>\n<li>Formulario de solicitud de visado rellenado y firmado.<\/li>\n<li>Una fotograf\u00eda original (no vale fotocopia) de tama\u00f1o 3\u00d74 (tama\u00f1o carnet).<\/li>\n<li>Pasaporte para viajes al extranjero con validez m\u00ednima de 6 meses.<\/li>\n<li>Seguro de asistencia en viaje.<\/li>\n<li>Una invitaci\u00f3n de la instituci\u00f3n o la empresa rusa que explicite el motivo del viaje a la Federaci\u00f3n de Rusia.<\/li>\n<\/ol>\n<p><a href=\"https:\/\/centraldevisadosrusos.com\/wp-content\/uploads\/2017\/09\/Requisitos-para-la-carta-de-invitacion.pdf\" target=\"_blank\" rel=\"noopener\"><i class=\"fa-regular fa-file-pdf fa-xl\"><\/i>\u00a0Requisitos para una Carta de Invitaci\u00f3n para visados humanitarios<\/a><\/p>\n<p><a href=\"https:\/\/centraldevisadosrusos.com\/visados-humanitarios\/\">Ver mas detallado <i class=\"fa-solid fa-circle-chevron-right\"><\/i><\/a><\/p>\n<p>[\/et_pb_accordion_item][et_pb_accordion_item title=\u00bbVisados de estudios\u00bb _builder_version=\u00bb4.27.5&#8243; _module_preset=\u00bbdefault\u00bb global_colors_info=\u00bb{}\u00bb open=\u00bboff\u00bb]Debe solicitar visado de estudios para Rusia la persona que pretende realizar estudios en un instituto o centro de ense\u00f1anza reconocido o universidades establecidas en la Federaci\u00f3n de Rusia. Este visado le permite permanecer en la Federaci\u00f3n Rusa ininterrumpidamente durante todo el periodo de estudios hasta completarlo.<\/p>\n<p><strong>DOCUMENTACI\u00d3N A PRESENTAR:<\/strong><\/p>\n<ol>\n<li>Formulario de solicitud de visado rellenado y firmado.<\/li>\n<li>Una fotograf\u00eda original (no vale fotocopia) de tama\u00f1o 3\u00d74 (tama\u00f1o carnet).<\/li>\n<li>Pasaporte para viajes al extranjero con validez m\u00ednima de 6 meses.<\/li>\n<li>Seguro de asistencia en viaje.<\/li>\n<li>Una invitaci\u00f3n de la instituci\u00f3n o la empresa rusa que explicite el motivo del viaje a la Federaci\u00f3n de Rusia.<\/li>\n<\/ol>\n<p><a href=\"https:\/\/centraldevisadosrusos.com\/visados-de-estudios\/\">Ver mas detallado <i class=\"fa-solid fa-circle-chevron-right\"><\/i><\/a>[\/et_pb_accordion_item][\/et_pb_accordion][\/et_pb_column][et_pb_column type=\u00bb1_2&#8243; _builder_version=\u00bb4.16&#8243; background_color_gradient_direction=\u00bb243deg\u00bb custom_padding=\u00bb|||\u00bb global_colors_info=\u00bb{}\u00bb custom_padding__hover=\u00bb|||\u00bb][et_pb_accordion closed_toggle_text_color=\u00bb#8e1820&#8243; toggle_icon=\u00bb&#x3b;||divi||400&#8243; icon_color=\u00bb#8e1820&#8243; use_icon_font_size=\u00bbon\u00bb icon_font_size=\u00bb28px\u00bb _builder_version=\u00bb4.27.5&#8243; _module_preset=\u00bbdefault\u00bb toggle_text_color=\u00bb#8e1820&#8243; toggle_level=\u00bbh2&#8243; toggle_font=\u00bb|600||on|||||\u00bb closed_toggle_font=\u00bb|600||on|||||\u00bb closed_toggle_font_size=\u00bb22px\u00bb body_text_color=\u00bb#000000&#8243; body_font_size=\u00bb17px\u00bb body_line_height=\u00bb1.8em\u00bb global_colors_info=\u00bb{}\u00bb][et_pb_accordion_item title=\u00bbVisados de trabajo\u00bb _builder_version=\u00bb4.27.5&#8243; _module_preset=\u00bbdefault\u00bb global_colors_info=\u00bb{}\u00bb open=\u00bbon\u00bb]<\/p>\n<p>Deben solicitar visado de trabajo a Rusia las personas que pretendan trabajar en instituciones o empresas ubicadas dentro de la Federaci\u00f3n de Rusia. Es necesario presentar una invitaci\u00f3n de la instituci\u00f3n o la empresa rusa emitida por las oficinas del Servicio Federal de Migraci\u00f3n de la Federaci\u00f3n de Rusia.<\/p>\n<p>Para solicitarlo es necesario disponer de una invitaci\u00f3n expedida por una instituci\u00f3n o empresa rusa tramitada a trav\u00e9s del departamento territorial de Interior o de la Direcci\u00f3n General de Asuntos Consulares del Ministerio de Asuntos Exteriores (MAE) de la Federaci\u00f3n de Rusia o una carta de invitaci\u00f3n escrita por una empresa rusa dirigida al consulado de Rusia.<\/p>\n<p><strong>DOCUMENTACI\u00d3N A PRESENTAR:<\/strong><\/p>\n<ol>\n<li>Formulario de solicitud de visado rellenado y firmado.<\/li>\n<li>Una fotograf\u00eda original (no vale fotocopia) de tama\u00f1o 3\u00d74 (tama\u00f1o carnet).<\/li>\n<li>Pasaporte para viajes al extranjero con validez m\u00ednima de 6 meses.<\/li>\n<li>Seguro de asistencia en viaje.<\/li>\n<li>Una invitaci\u00f3n de la instituci\u00f3n o la empresa rusa que explicite el motivo del viaje a la Federaci\u00f3n de Rusia. Deber\u00e1 presentar uno de los siguientes documentos:<\/li>\n<\/ol>\n<p><a href=\"https:\/\/visa.kdmid.ru\/PetitionChoice.aspx\" target=\"_blank\" rel=\"noopener\"><i class=\"fa-solid fa-file-pen fa-xl\"><\/i><strong>\u00a0PULSE PARA RELLENAR EL FORMULARIO ELECTR\u00d3NICO<\/strong><\/a><\/p>\n<p><a href=\"https:\/\/centraldevisadosrusos.com\/visados-de-trabajo\/\">Ver mas detallado <i class=\"fa-solid fa-circle-chevron-right\"><\/i><\/a><\/p>\n<p>[\/et_pb_accordion_item][et_pb_accordion_item title=\u00bbVisados para viajes privados\u00bb _builder_version=\u00bb4.27.5&#8243; _module_preset=\u00bbdefault\u00bb global_colors_info=\u00bb{}\u00bb open=\u00bboff\u00bb]<\/p>\n<p>Se expedir\u00e1n a los invitados de los particulares nacionales rusos o extranjeros titulares de una autorizaci\u00f3n de residencia en la Federaci\u00f3n de Rusia y que residen en el territorio de la Federaci\u00f3n de Rusia.<\/p>\n<p><strong>DOCUMENTACI\u00d3N A PRESENTAR:<\/strong><\/p>\n<ol>\n<li>Formulario de solicitud de visado rellenado y firmado.<\/li>\n<li>Una fotograf\u00eda original (no vale fotocopia) de tama\u00f1o 3\u00d74 (tama\u00f1o carnet).<\/li>\n<li>Pasaporte para viajes al extranjero con validez m\u00ednima de 6 meses.<\/li>\n<li>Seguro de asistencia en viaje.<\/li>\n<li>Una invitaci\u00f3n formal (en original).<\/li>\n<\/ol>\n<p><a href=\"https:\/\/visa.kdmid.ru\/PetitionChoice.aspx\" target=\"_blank\" rel=\"noopener\"><i class=\"fa-solid fa-file-pen fa-xl\"><\/i><strong>\u00a0PULSE PARA RELLENAR EL FORMULARIO ELECTR\u00d3NICO<\/strong><\/a><\/p>\n<p><a href=\"https:\/\/centraldevisadosrusos.com\/visados-para-viajes-privados\/\">Ver mas detallado <i class=\"fa-solid fa-circle-chevron-right\"><\/i><\/a><\/p>\n<p>[\/et_pb_accordion_item][et_pb_accordion_item title=\u00bbVisados de tr\u00e1nsito\u00bb open=\u00bboff\u00bb _builder_version=\u00bb4.27.5&#8243; _module_preset=\u00bbdefault\u00bb global_colors_info=\u00bb{}\u00bb]Se expiden para el tr\u00e1nsito al pa\u00eds de destino a trav\u00e9s del territorio de la Federaci\u00f3n de Rusia. S\u00f3lo los necesitan los extranjeros que crucen el control de pasaportes de la Federaci\u00f3n Rusa. No los necesitan los extranjeros que hacen escala en el aeropuerto sin salir del \u00e1rea internacional o que sobrevuelan el territorio ruso sin escala.<\/p>\n<p>Lo que primero que tiene que hacer el pasajero de tr\u00e1nsito es CONTACTAR CON LA COMPA\u00d1\u00cdA A\u00c9REA PARA QUE LE INFORME EXPRESAMENTE si realmente necesita visado de tr\u00e1nsito para hacer este trayecto.<\/p>\n<p>Como condici\u00f3n OBLIGATORIA de la concesi\u00f3n de visado de tr\u00e1nsito por Rusia, es ya tener en el pasaporte el VISADO EMITIDO del pa\u00eds del destino final, por ejemplo, China, India, etc. En caso de que la nacionalidad del solicitante permita la entrada en el pa\u00eds de destino final SIN VISADO, \u00e9ste \u00faltimo ya no hace falta.<\/p>\n<p><strong>DOCUMENTACI\u00d3N A PRESENTAR:<\/strong><\/p>\n<ol>\n<li>Formulario de solicitud de visado rellenado y firmado.<\/li>\n<li>Una fotograf\u00eda original (no vale fotocopia) de tama\u00f1o 3\u00d74 (tama\u00f1o carnet).<\/li>\n<li>Pasaporte para viajes al extranjero con validez m\u00ednima de 6 meses.<\/li>\n<li>Seguro de asistencia en viaje.<\/li>\n<li>Visado emitido del pa\u00eds de destino final, en caso de que la nacionalidad del solicitante permita la entrada en el pa\u00eds de destino final sin visado, \u00e9ste \u00faltimo ya no hace falta.<\/li>\n<li>Biletes de avi\u00f3n impresos.<\/li>\n<\/ol>\n<p><a href=\"https:\/\/visa.kdmid.ru\/PetitionChoice.aspx\" target=\"_blank\" rel=\"noopener\"><i class=\"fa-solid fa-file-pen fa-xl\"><\/i><strong>\u00a0PULSE PARA RELLENAR EL FORMULARIO ELECTR\u00d3NICO<\/strong><\/a><\/p>\n<p><a href=\"https:\/\/centraldevisadosrusos.com\/visados-de-transito\/\">Ver mas detallado <i class=\"fa-solid fa-circle-chevron-right\"><\/i><\/a>[\/et_pb_accordion_item][\/et_pb_accordion][\/et_pb_column][\/et_pb_row][\/et_pb_section]<\/p>\n","protected":false},"excerpt":{"rendered":"<p>Se expiden para estancias de car\u00e1cter tur\u00edstico que tienen por objeto \u00fanicamente actividades recreativas. DOCUMENTACI\u00d3N A PRESENTAR: Formulario de solicitud de visado rellenado y firmado. Una fotograf\u00eda original (no vale fotocopia) de tama\u00f1o 3\u00d74 (tama\u00f1o carnet). Pasaporte para viajes al extranjero con validez m\u00ednima de 6 meses. Seguro de asistencia en viaje. Visa support. \u00a0RELLENAR [&hellip;]<\/p>\n","protected":false},"author":7,"featured_media":0,"parent":0,"menu_order":0,"comment_status":"closed","ping_status":"closed","template":"","meta":{"_et_pb_use_builder":"on","_et_pb_old_content":"Se expiden para estancias de car\u00e1cter tur\u00edstico que tienen por objeto \u00fanicamente actividades recreativas.\n\n[su_button url=\"https:\/\/centraldevisadosrusos.com\/inicio-madrid\/\" background=\"#70121a\" color=\"#fff\" size=\"11\" wide=\"yes\" center=\"yes\" radius=\"5\" icon=\"icon: thumbs-o-up\" icon_color=\"#fff\"]SOLICITE SU VISADO EN NUESTRA OFICINA DE MADRID[\/su_button]\n[su_button url=\"https:\/\/centraldevisadosrusos.com\/inicio-barcelona-2\/\" background=\"#70121a\" color=\"#fff\" size=\"11\" wide=\"yes\" center=\"yes\" radius=\"5\" icon=\"icon: thumbs-o-up\" icon_color=\"#fff\"]SOLICITE SU VISADO EN NUESTRA OFICINA DE BARCELONA[\/su_button]","_et_gb_content_width":"","footnotes":""},"class_list":["post-23","page","type-page","status-publish","hentry"],"yoast_head":"<!-- This site is optimized with the Yoast SEO plugin v27.0 - https:\/\/yoast.com\/product\/yoast-seo-wordpress\/ -->\n<title>Tipos de Visados - Central de Visados Rusos<\/title>\n<meta name=\"robots\" content=\"index, follow, max-snippet:-1, max-image-preview:large, max-video-preview:-1\" \/>\n<link rel=\"canonical\" href=\"https:\/\/centraldevisadosrusos.com\/cat\/tipos-de-visados\/\" \/>\n<meta property=\"og:locale\" content=\"ca_ES\" \/>\n<meta property=\"og:type\" content=\"article\" \/>\n<meta property=\"og:title\" content=\"Tipos de Visados - Central de Visados Rusos\" \/>\n<meta property=\"og:description\" content=\"Se expiden para estancias de car\u00e1cter tur\u00edstico que tienen por objeto \u00fanicamente actividades recreativas. DOCUMENTACI\u00d3N A PRESENTAR: Formulario de solicitud de visado rellenado y firmado. Una fotograf\u00eda original (no vale fotocopia) de tama\u00f1o 3\u00d74 (tama\u00f1o carnet). Pasaporte para viajes al extranjero con validez m\u00ednima de 6 meses. Seguro de asistencia en viaje. Visa support. \u00a0RELLENAR [&hellip;]\" \/>\n<meta property=\"og:url\" content=\"https:\/\/centraldevisadosrusos.com\/cat\/tipos-de-visados\/\" \/>\n<meta property=\"og:site_name\" content=\"Central de Visados Rusos\" \/>\n<meta property=\"article:modified_time\" content=\"2025-12-23T18:57:37+00:00\" \/>\n<meta name=\"twitter:label1\" content=\"Temps estimat de lectura\" \/>\n\t<meta name=\"twitter:data1\" content=\"1 minut\" \/>\n<script type=\"application\/ld+json\" class=\"yoast-schema-graph\">{\"@context\":\"https:\/\/schema.org\",\"@graph\":[{\"@type\":\"WebPage\",\"@id\":\"https:\/\/centraldevisadosrusos.com\/tipos-de-visados\/\",\"url\":\"https:\/\/centraldevisadosrusos.com\/tipos-de-visados\/\",\"name\":\"Tipos de Visados - Central de Visados Rusos\",\"isPartOf\":{\"@id\":\"https:\/\/centraldevisadosrusos.com\/#website\"},\"datePublished\":\"2015-02-24T12:04:17+00:00\",\"dateModified\":\"2025-12-23T18:57:37+00:00\",\"breadcrumb\":{\"@id\":\"https:\/\/centraldevisadosrusos.com\/tipos-de-visados\/#breadcrumb\"},\"inLanguage\":\"ca\",\"potentialAction\":[{\"@type\":\"ReadAction\",\"target\":[\"https:\/\/centraldevisadosrusos.com\/tipos-de-visados\/\"]}]},{\"@type\":\"BreadcrumbList\",\"@id\":\"https:\/\/centraldevisadosrusos.com\/tipos-de-visados\/#breadcrumb\",\"itemListElement\":[{\"@type\":\"ListItem\",\"position\":1,\"name\":\"Home\",\"item\":\"https:\/\/centraldevisadosrusos.com\/\"},{\"@type\":\"ListItem\",\"position\":2,\"name\":\"Tipos de Visados\"}]},{\"@type\":\"WebSite\",\"@id\":\"https:\/\/centraldevisadosrusos.com\/#website\",\"url\":\"https:\/\/centraldevisadosrusos.com\/\",\"name\":\"Central de Visados Rusos\",\"description\":\"Central de Visados Rusos\",\"potentialAction\":[{\"@type\":\"SearchAction\",\"target\":{\"@type\":\"EntryPoint\",\"urlTemplate\":\"https:\/\/centraldevisadosrusos.com\/?s={search_term_string}\"},\"query-input\":{\"@type\":\"PropertyValueSpecification\",\"valueRequired\":true,\"valueName\":\"search_term_string\"}}],\"inLanguage\":\"ca\"}]}<\/script>\n<!-- \/ Yoast SEO plugin. -->","yoast_head_json":{"title":"Tipos de Visados - Central de Visados Rusos","robots":{"index":"index","follow":"follow","max-snippet":"max-snippet:-1","max-image-preview":"max-image-preview:large","max-video-preview":"max-video-preview:-1"},"canonical":"https:\/\/centraldevisadosrusos.com\/cat\/tipos-de-visados\/","og_locale":"ca_ES","og_type":"article","og_title":"Tipos de Visados - Central de Visados Rusos","og_description":"Se expiden para estancias de car\u00e1cter tur\u00edstico que tienen por objeto \u00fanicamente actividades recreativas. DOCUMENTACI\u00d3N A PRESENTAR: Formulario de solicitud de visado rellenado y firmado. Una fotograf\u00eda original (no vale fotocopia) de tama\u00f1o 3\u00d74 (tama\u00f1o carnet). Pasaporte para viajes al extranjero con validez m\u00ednima de 6 meses. Seguro de asistencia en viaje. Visa support. \u00a0RELLENAR [&hellip;]","og_url":"https:\/\/centraldevisadosrusos.com\/cat\/tipos-de-visados\/","og_site_name":"Central de Visados Rusos","article_modified_time":"2025-12-23T18:57:37+00:00","twitter_misc":{"Temps estimat de lectura":"1 minut"},"schema":{"@context":"https:\/\/schema.org","@graph":[{"@type":"WebPage","@id":"https:\/\/centraldevisadosrusos.com\/tipos-de-visados\/","url":"https:\/\/centraldevisadosrusos.com\/tipos-de-visados\/","name":"Tipos de Visados - Central de Visados Rusos","isPartOf":{"@id":"https:\/\/centraldevisadosrusos.com\/#website"},"datePublished":"2015-02-24T12:04:17+00:00","dateModified":"2025-12-23T18:57:37+00:00","breadcrumb":{"@id":"https:\/\/centraldevisadosrusos.com\/tipos-de-visados\/#breadcrumb"},"inLanguage":"ca","potentialAction":[{"@type":"ReadAction","target":["https:\/\/centraldevisadosrusos.com\/tipos-de-visados\/"]}]},{"@type":"BreadcrumbList","@id":"https:\/\/centraldevisadosrusos.com\/tipos-de-visados\/#breadcrumb","itemListElement":[{"@type":"ListItem","position":1,"name":"Home","item":"https:\/\/centraldevisadosrusos.com\/"},{"@type":"ListItem","position":2,"name":"Tipos de Visados"}]},{"@type":"WebSite","@id":"https:\/\/centraldevisadosrusos.com\/#website","url":"https:\/\/centraldevisadosrusos.com\/","name":"Central de Visados Rusos","description":"Central de Visados Rusos","potentialAction":[{"@type":"SearchAction","target":{"@type":"EntryPoint","urlTemplate":"https:\/\/centraldevisadosrusos.com\/?s={search_term_string}"},"query-input":{"@type":"PropertyValueSpecification","valueRequired":true,"valueName":"search_term_string"}}],"inLanguage":"ca"}]}},"_links":{"self":[{"href":"https:\/\/centraldevisadosrusos.com\/cat\/wp-json\/wp\/v2\/pages\/23","targetHints":{"allow":["GET"]}}],"collection":[{"href":"https:\/\/centraldevisadosrusos.com\/cat\/wp-json\/wp\/v2\/pages"}],"about":[{"href":"https:\/\/centraldevisadosrusos.com\/cat\/wp-json\/wp\/v2\/types\/page"}],"author":[{"embeddable":true,"href":"https:\/\/centraldevisadosrusos.com\/cat\/wp-json\/wp\/v2\/users\/7"}],"replies":[{"embeddable":true,"href":"https:\/\/centraldevisadosrusos.com\/cat\/wp-json\/wp\/v2\/comments?post=23"}],"version-history":[{"count":49,"href":"https:\/\/centraldevisadosrusos.com\/cat\/wp-json\/wp\/v2\/pages\/23\/revisions"}],"predecessor-version":[{"id":52598,"href":"https:\/\/centraldevisadosrusos.com\/cat\/wp-json\/wp\/v2\/pages\/23\/revisions\/52598"}],"wp:attachment":[{"href":"https:\/\/centraldevisadosrusos.com\/cat\/wp-json\/wp\/v2\/media?parent=23"}],"curies":[{"name":"wp","href":"https:\/\/api.w.org\/{rel}","templated":true}]}}