{"id":14,"date":"2015-02-24T11:52:28","date_gmt":"2015-02-24T11:52:28","guid":{"rendered":"http:\/\/centraldevisadosrusos.com\/NEW\/?page_id=14"},"modified":"2025-12-24T20:33:55","modified_gmt":"2025-12-24T20:33:55","slug":"sobre-visados-a-rusia","status":"publish","type":"page","link":"https:\/\/centraldevisadosrusos.com\/cat\/sobre-visados-a-rusia\/","title":{"rendered":"Sobre visats a R\u00fassia"},"content":{"rendered":"<p>[et_pb_section fb_built=\u00bb1&#8243; admin_label=\u00bbFrequently Asked Questions\u00bb _builder_version=\u00bb4.16&#8243; background_color=\u00bb#f8fbfe\u00bb custom_padding=\u00bb54px|0px|100px|0px\u00bb global_colors_info=\u00bb{}\u00bb][et_pb_row _builder_version=\u00bb4.27.5&#8243; background_color=\u00bb#FFFFFF\u00bb width_tablet=\u00bb\u00bb width_phone=\u00bb100%\u00bb width_last_edited=\u00bbon|phone\u00bb custom_padding=\u00bb||||false|false\u00bb border_radii=\u00bbon|10px|10px|10px|10px\u00bb border_width_top=\u00bb10px\u00bb border_color_top=\u00bb#8e1820&#8243; locked=\u00bboff\u00bb global_colors_info=\u00bb{}\u00bb][et_pb_column type=\u00bb4_4&#8243; _builder_version=\u00bb4.16&#8243; custom_padding=\u00bb|||\u00bb global_colors_info=\u00bb{}\u00bb custom_padding__hover=\u00bb|||\u00bb][et_pb_blurb title=\u00bbSobre visados a Rusia\u00bb icon_placement=\u00bbleft\u00bb content_max_width=\u00bb90%\u00bb _builder_version=\u00bb4.27.5&#8243; _module_preset=\u00bbdefault\u00bb header_level=\u00bbh1&#8243; header_font=\u00bbNunito Sans|600||on|||||\u00bb header_text_align=\u00bbcenter\u00bb header_text_color=\u00bb#474747&#8243; header_font_size=\u00bb40px\u00bb header_line_height=\u00bb1.4em\u00bb body_font=\u00bbNunito Sans||||||||\u00bb body_text_align=\u00bbleft\u00bb body_text_color=\u00bb#242424&#8243; body_font_size=\u00bb16px\u00bb background_enable_color=\u00bboff\u00bb text_orientation=\u00bbcenter\u00bb custom_margin=\u00bb||||false|false\u00bb custom_padding=\u00bb20px|20px|20px|20px|false|false\u00bb animation_style=\u00bbzoom\u00bb animation_intensity_zoom=\u00bb5%\u00bb global_colors_info=\u00bb{}\u00bb][\/et_pb_blurb][\/et_pb_column][\/et_pb_row][et_pb_row column_structure=\u00bb1_2,1_2&#8243; use_custom_gutter=\u00bbon\u00bb gutter_width=\u00bb2&#8243; _builder_version=\u00bb4.27.5&#8243; width_tablet=\u00bb\u00bb width_phone=\u00bb100%\u00bb width_last_edited=\u00bbon|phone\u00bb custom_padding=\u00bb15px||15px|\u00bb global_colors_info=\u00bb{}\u00bb][et_pb_column type=\u00bb1_2&#8243; _builder_version=\u00bb4.16&#8243; background_color_gradient_direction=\u00bb243deg\u00bb custom_padding=\u00bb|||\u00bb global_colors_info=\u00bb{}\u00bb custom_padding__hover=\u00bb|||\u00bb][et_pb_blurb title=\u00bb\u00bfQU\u00c9 ES EL VISADO?\u00bb icon_placement=\u00bbleft\u00bb content_max_width=\u00bb470px\u00bb _builder_version=\u00bb4.27.5&#8243; header_font=\u00bbNunito Sans|600|||||||\u00bb header_text_align=\u00bbleft\u00bb header_text_color=\u00bb#000000&#8243; header_font_size=\u00bb26px\u00bb body_font=\u00bbNunito Sans||||||||\u00bb body_text_align=\u00bbleft\u00bb body_text_color=\u00bb#242424&#8243; body_font_size=\u00bb16px\u00bb background_color=\u00bb#ffffff\u00bb text_orientation=\u00bbcenter\u00bb custom_margin=\u00bb||||false|false\u00bb custom_padding=\u00bb20px||20px||false|false\u00bb animation_style=\u00bbzoom\u00bb animation_intensity_zoom=\u00bb5%\u00bb border_radii=\u00bbon|4px|4px|4px|4px\u00bb border_width_top=\u00bb6px\u00bb border_color_top=\u00bb#8e1820&#8243; box_shadow_style=\u00bbpreset3&#8243; box_shadow_color=\u00bbrgba(34,56,101,0.12)\u00bb global_colors_info=\u00bb{}\u00bb]<\/p>\n<p>El visado es la autorizaci\u00f3n de entrada, estancia y tr\u00e1nsito en el territorio de la Federaci\u00f3n de Rusia.<\/p>\n<p>El visado no garantiza la entrada e la Federaci\u00f3n de Rusia, la autorizaci\u00f3n final es competencia del Oficial de Inmigraci\u00f3n de la frontera. La solicitud de tramitacion del visado y el pago de las tasas y gastos de tramitaci\u00f3n, no implica el derecho a la concesi\u00f3n del mismo por el Consulado de la Federaci\u00f3n de Rusia. La denegaci\u00f3n del visado por parte del Consulado, no dar\u00e1 derecho a la devoluci\u00f3n del importe satisfecho por las tasas y gastos de tramitaci\u00f3n.<\/p>\n<p>[\/et_pb_blurb][et_pb_blurb title=\u00bb\u00bfQUI\u00c9N DEBE SOLICITAR VISADO?\u00bb icon_placement=\u00bbleft\u00bb content_max_width=\u00bb470px\u00bb _builder_version=\u00bb4.16&#8243; header_font=\u00bbNunito Sans|600|||||||\u00bb header_text_align=\u00bbleft\u00bb header_text_color=\u00bb#000000&#8243; header_font_size=\u00bb26px\u00bb body_font=\u00bbNunito Sans||||||||\u00bb body_text_align=\u00bbleft\u00bb body_text_color=\u00bb#242424&#8243; body_font_size=\u00bb16px\u00bb background_color=\u00bb#ffffff\u00bb text_orientation=\u00bbcenter\u00bb custom_margin=\u00bb||||false|false\u00bb custom_padding=\u00bb20px||20px||false|false\u00bb animation_style=\u00bbzoom\u00bb animation_intensity_zoom=\u00bb5%\u00bb border_radii=\u00bbon|4px|4px|4px|4px\u00bb border_width_top=\u00bb6px\u00bb border_color_top=\u00bb#8e1820&#8243; box_shadow_style=\u00bbpreset3&#8243; box_shadow_color=\u00bbrgba(34,56,101,0.12)\u00bb global_colors_info=\u00bb{}\u00bb]<\/p>\n<p>Todos los extranjeros que se propongan entrar en el territorio de la Federaci\u00f3n de Rusia deber\u00e1n ir provistos del correspondiente visado en vigor, extendido en sus pasaportes (documento de identidad para viajes al extranjero reconocido por la Federaci\u00f3n de Rusia), salvo<span>\u00a0<\/span><strong>las siguientes excepciones:<\/strong><\/p>\n<ul>\n<li>Los extranjeros titulares de una autorizaci\u00f3n de residencia en la Federaci\u00f3n de Rusia;<\/li>\n<li>Los extranjeros que tengan la condici\u00f3n de refugiados y est\u00e9n documentados como tales por la Federaci\u00f3n de Rusia;<\/li>\n<\/ul>\n<p>Lista de los pa\u00edses a cuyos ciudadanos se les expiden visados s\u00f3lo en caso de que tengan permiso de residencia o permiso de estancia prolongada en Espa\u00f1a (<a href=\"http:\/\/www.centraldevisadosrusos.com\/pdf\/CiudadanosResidenciaProlongada1.pdf\" target=\"_blank\" rel=\"noopener\">Ve\u00e1se PDF<\/a>)<\/p>\n<p>[\/et_pb_blurb][et_pb_blurb title=\u00bbTr\u00e1mite de visados\u00bb icon_placement=\u00bbleft\u00bb content_max_width=\u00bb470px\u00bb _builder_version=\u00bb4.27.5&#8243; header_font=\u00bbNunito Sans|600||on|||||\u00bb header_text_align=\u00bbleft\u00bb header_text_color=\u00bb#000000&#8243; header_font_size=\u00bb26px\u00bb body_font=\u00bbNunito Sans||||||||\u00bb body_text_align=\u00bbleft\u00bb body_text_color=\u00bb#242424&#8243; body_font_size=\u00bb16px\u00bb background_color=\u00bb#ffffff\u00bb text_orientation=\u00bbcenter\u00bb custom_margin=\u00bb||||false|false\u00bb custom_padding=\u00bb20px||20px||false|false\u00bb animation_style=\u00bbzoom\u00bb animation_intensity_zoom=\u00bb5%\u00bb border_radii=\u00bbon|4px|4px|4px|4px\u00bb border_width_top=\u00bb6px\u00bb border_color_top=\u00bb#8e1820&#8243; box_shadow_style=\u00bbpreset3&#8243; box_shadow_color=\u00bbrgba(34,56,101,0.12)\u00bb global_colors_info=\u00bb{}\u00bb]<\/p>\n<p>Los viajeros que se propongan entrar en el territorio de la Federaci\u00f3n de Rusia deber\u00e1n ir provistos del correspondiente visado en vigor, extendido en sus documentos de identidad\/el pasaporte. El solicitante deber\u00e1 especificar el motivo de entrada en la Federaci\u00f3n de Rusia y presentar los documentos necesarios en funci\u00f3n del tipo de visado solicitado. Consulte los tr\u00e1mites necesarios para la solicitud de su visado a Rusia en la oficina que desee.<\/p>\n<p>[\/et_pb_blurb][\/et_pb_column][et_pb_column type=\u00bb1_2&#8243; _builder_version=\u00bb4.16&#8243; background_color_gradient_direction=\u00bb243deg\u00bb custom_padding=\u00bb|||\u00bb global_colors_info=\u00bb{}\u00bb custom_padding__hover=\u00bb|||\u00bb][et_pb_blurb title=\u00bb\u00bfQUI\u00c9N EXPIDE LOS VISADOS?\u00bb icon_placement=\u00bbleft\u00bb content_max_width=\u00bb470px\u00bb _builder_version=\u00bb4.27.5&#8243; header_font=\u00bbNunito Sans|600|||||||\u00bb header_text_align=\u00bbleft\u00bb header_text_color=\u00bb#000000&#8243; header_font_size=\u00bb26px\u00bb body_font=\u00bbNunito Sans||||||||\u00bb body_text_align=\u00bbleft\u00bb body_text_color=\u00bb#242424&#8243; body_font_size=\u00bb16px\u00bb background_color=\u00bb#ffffff\u00bb text_orientation=\u00bbcenter\u00bb custom_margin=\u00bb||||false|false\u00bb custom_padding=\u00bb20px||20px||false|false\u00bb animation_style=\u00bbzoom\u00bb animation_intensity_zoom=\u00bb5%\u00bb border_radii=\u00bbon|4px|4px|4px|4px\u00bb border_width_top=\u00bb6px\u00bb border_color_top=\u00bb#8e1820&#8243; box_shadow_style=\u00bbpreset3&#8243; box_shadow_color=\u00bbrgba(34,56,101,0.12)\u00bb global_colors_info=\u00bb{}\u00bb]<\/p>\n<p>En Espa\u00f1a, los organismos competentes para expedir visados a la Federaci\u00f3n de Rusia son la Secci\u00f3n Consular de la Embajada de la Federaci\u00f3n de Rusia en Espa\u00f1a (C\/ Joaquin Costa, 33, 28002, Madrid) y el Consulado General de la Federaci\u00f3n de Rusia en Espa\u00f1a (Av. Pearson, 34, 08034, Barcelona). En los \u00faltimos tiempos, el n\u00famero de visados a la Federaci\u00f3n de Rusia tramitados en el territorio espa\u00f1ol ha experimentado un sustancial incremento. Debido a ello, el 20 de diciembre de 2010 se ha adjudicado la autorizaci\u00f3n para la gesti\u00f3n y tramitaci\u00f3n de visados a la<strong><span>\u00a0<\/span>Federaci\u00f3n de Rusia a la Central de Visados Rusos<\/strong>, entidad gestionada por la empresa<span>\u00a0<\/span><strong>Twim Inversiones 2008 SL.<\/strong><\/p>\n<p>Desde la fecha indicada, la Central de Visados Rusos<span>\u00a0<\/span><a href=\"http:\/\/www.centraldevisadosrusos.com\/\">www.centraldevisadosrusos.com<\/a>, como \u00fanica agencia autorizada, pone a disposici\u00f3n de todas las personas que deseen obtener un visado para viajar a la Federaci\u00f3n de Rusia sus oficinas de Barcelona y Madrid al igual que la posibilidad de tramitar su visado a la Federaci\u00f3n de Rusia de forma sencilla y c\u00f3moda a trav\u00e9s de la p\u00e1gina web<span>\u00a0<\/span><a href=\"http:\/\/www.centraldevisadosrusos.com\/\">www.centraldevisadosrusos.com<\/a><\/p>\n<p>Se expiden visados de varios tipos que var\u00edan en funci\u00f3n del objeto de entrada del extranjero a la Federaci\u00f3n de Rusia. Consulte los tr\u00e1mites y tipos de visados en la oficina de Madrid o de Barcelona seg\u00fan su inter\u00e9s.<\/p>\n<div class=\"su-button-center\"><\/div>\n<p>[\/et_pb_blurb][et_pb_blurb title=\u00bb\u00bfTiene dudas?\u00bb icon_placement=\u00bbleft\u00bb content_max_width=\u00bb470px\u00bb _builder_version=\u00bb4.27.5&#8243; header_font=\u00bbNunito Sans|600||on|||||\u00bb header_text_align=\u00bbleft\u00bb header_text_color=\u00bb#000000&#8243; header_font_size=\u00bb26px\u00bb body_font=\u00bbNunito Sans||||||||\u00bb body_text_align=\u00bbleft\u00bb body_text_color=\u00bb#242424&#8243; body_font_size=\u00bb16px\u00bb background_color=\u00bb#ffffff\u00bb text_orientation=\u00bbcenter\u00bb custom_margin=\u00bb||0px||false|false\u00bb custom_padding=\u00bb20px||0px||false|false\u00bb animation_style=\u00bbzoom\u00bb animation_intensity_zoom=\u00bb5%\u00bb border_radii=\u00bbon|4px|4px|4px|4px\u00bb border_width_top=\u00bb6px\u00bb border_color_top=\u00bb#8e1820&#8243; box_shadow_style=\u00bbpreset3&#8243; box_shadow_color=\u00bbrgba(34,56,101,0.12)\u00bb global_colors_info=\u00bb{}\u00bb]<\/p>\n<p>Comunica con nosotros y te ayudamos en cada paso para conseguir visado.<\/p>\n<p>[\/et_pb_blurb][et_pb_code _builder_version=\u00bb4.27.5&#8243; _module_preset=\u00bbdefault\u00bb background_color=\u00bb#FFFFFF\u00bb custom_margin=\u00bb0px||0px||false|false\u00bb custom_padding=\u00bb0px||0px||false|false\u00bb global_colors_info=\u00bb{}\u00bb][et_pb_section global_module=\u00bb52496&#8243;][\/et_pb_code][\/et_pb_column][\/et_pb_row][\/et_pb_section]<\/p>\n","protected":false},"excerpt":{"rendered":"<p>El visado es la autorizaci\u00f3n de entrada, estancia y tr\u00e1nsito en el territorio de la Federaci\u00f3n de Rusia. El visado no garantiza la entrada e la Federaci\u00f3n de Rusia, la autorizaci\u00f3n final es competencia del Oficial de Inmigraci\u00f3n de la frontera. La solicitud de tramitacion del visado y el pago de las tasas y gastos [&hellip;]<\/p>\n","protected":false},"author":7,"featured_media":0,"parent":0,"menu_order":0,"comment_status":"closed","ping_status":"closed","template":"","meta":{"_et_pb_use_builder":"on","_et_pb_old_content":"[su_heading size=\"28\"]<i class=\"fa fa-arrow-circle-down\"><\/i> \u00bfQU\u00c9 ES EL VISADO? <i class=\"fa fa-arrow-circle-down\"><\/i>[\/su_heading]\n\n<strong>El visado es la autorizaci\u00f3n de entrada, estancia y tr\u00e1nsito en el territorio de la Federaci\u00f3n de Rusia.<\/strong>\n\n<strong>El visado no garantiza la entrada e la Federaci\u00f3n de Rusia, la autorizaci\u00f3n final es competencia del Oficial de Inmigraci\u00f3n de la frontera. La solicitud de tramitacion del visado y el pago de las tasas y gastos de tramitaci\u00f3n, no implica el derecho a la concesi\u00f3n del mismo por el Consulado de la Federaci\u00f3n de Rusia. La denegaci\u00f3n del visado por parte del Consulado, no dar\u00e1 derecho a la devoluci\u00f3n del importe satisfecho por las tasas y gastos de tramitaci\u00f3n.<\/strong>\n\n[su_heading size=\"28\"]<i class=\"fa fa-arrow-circle-down\"><\/i> \u00bfQUI\u00c9N DEBE SOLICITAR VISADO? <i class=\"fa fa-arrow-circle-down\"><\/i>[\/su_heading]\n\nTodos los extranjeros que se propongan entrar en el territorio de la Federaci\u00f3n de Rusia deber\u00e1n ir provistos del correspondiente visado en vigor, extendido en sus pasaportes (documento de identidad para viajes al extranjero reconocido por la Federaci\u00f3n de Rusia), salvo <strong>las siguientes excepciones:<\/strong>\n<ul>\n \t<li>1. Los extranjeros titulares de una autorizaci\u00f3n de residencia en la Federaci\u00f3n de Rusia;<\/li>\n \t<li>2. Los extranjeros que tengan la condici\u00f3n de refugiados y est\u00e9n documentados como tales por la Federaci\u00f3n de Rusia;<\/li>\n<\/ul>\nLista de los pa\u00edses a cuyos ciudadanos se les expiden visados s\u00f3lo en caso de que tengan permiso de residencia o permiso de estancia prolongada en Espa\u00f1a (<a href=\"http:\/\/www.centraldevisadosrusos.com\/pdf\/CiudadanosResidenciaProlongada1.pdf\" target=\"_blank\" rel=\"noopener\">Ve\u00e1se PDF<\/a>)\n<h2 class=\"tituloInt\">\u00bfQUI\u00c9N EXPIDE LOS VISADOS?<\/h2>\nEn Espa\u00f1a, los organismos competentes para expedir visados a la Federaci\u00f3n de Rusia son la Secci\u00f3n Consular de la Embajada de la Federaci\u00f3n de Rusia en Espa\u00f1a (C\/ Joaquin Costa, 33, 28002, Madrid) y el Consulado General de la Federaci\u00f3n de Rusia en Espa\u00f1a (Av. Pearson, 34, 08034, Barcelona). En los \u00faltimos tiempos, el n\u00famero de visados a la Federaci\u00f3n de Rusia tramitados en el territorio espa\u00f1ol ha experimentado un sustancial incremento. Debido a ello, el 20 de diciembre de 2010 se ha adjudicado la autorizaci\u00f3n para la gesti\u00f3n y tramitaci\u00f3n de visados a la<strong> Federaci\u00f3n de Rusia a la Central de Visados Rusos<\/strong>, entidad gestionada por la empresa <strong>Twim Inversiones 2008 SL.<\/strong>\n\nDesde la fecha indicada, la Central de Visados Rusos <a href=\"http:\/\/www.centraldevisadosrusos.com\">www.centraldevisadosrusos.com<\/a>, como \u00fanica agencia autorizada, pone a disposici\u00f3n de todas las personas que deseen obtener un visado para viajar a la Federaci\u00f3n de Rusia sus oficinas de Barcelona y Madrid al igual que la posibilidad de tramitar su visado a la Federaci\u00f3n de Rusia de forma sencilla y c\u00f3moda a trav\u00e9s de la p\u00e1gina web <a href=\"http:\/\/www.centraldevisadosrusos.com\">www.centraldevisadosrusos.com<\/a>\n\nSe expiden visados de varios tipos que var\u00edan en funci\u00f3n del objeto de entrada del extranjero a la Federaci\u00f3n de Rusia. Consulte los tr\u00e1mites y tipos de visados en la oficina de Madrid o de Barcelona seg\u00fan su inter\u00e9s.\n\n[su_button url=\"https:\/\/centraldevisadosrusos.com\/inicio-madrid\/\" background=\"#70121a\" color=\"#fff\" size=\"11\" wide=\"yes\" center=\"yes\" radius=\"5\" icon=\"icon: thumbs-o-up\" icon_color=\"#fff\"]OBTENGA SU VISADO EN NUESTRA OFICINA DE MADRID[\/su_button]\n[su_button url=\"https:\/\/centraldevisadosrusos.com\/inicio-barcelona-2\/\" background=\"#70121a\" color=\"#fff\" size=\"11\" wide=\"yes\" center=\"yes\" radius=\"5\" icon=\"icon: thumbs-o-up\" icon_color=\"#fff\"]OBTENGA SU VISADO EN NUESTRA OFICINA DE BARCELONA[\/su_button]","_et_gb_content_width":"","footnotes":""},"class_list":["post-14","page","type-page","status-publish","hentry"],"yoast_head":"<!-- This site is optimized with the Yoast SEO plugin v27.0 - https:\/\/yoast.com\/product\/yoast-seo-wordpress\/ -->\n<title>Sobre visados a Rusia - Central de Visados Rusos<\/title>\n<meta name=\"robots\" content=\"index, follow, max-snippet:-1, max-image-preview:large, max-video-preview:-1\" \/>\n<link rel=\"canonical\" href=\"https:\/\/centraldevisadosrusos.com\/cat\/sobre-visados-a-rusia\/\" \/>\n<meta property=\"og:locale\" content=\"ca_ES\" \/>\n<meta property=\"og:type\" content=\"article\" \/>\n<meta property=\"og:title\" content=\"Sobre visados a Rusia - Central de Visados Rusos\" \/>\n<meta property=\"og:description\" content=\"El visado es la autorizaci\u00f3n de entrada, estancia y tr\u00e1nsito en el territorio de la Federaci\u00f3n de Rusia. El visado no garantiza la entrada e la Federaci\u00f3n de Rusia, la autorizaci\u00f3n final es competencia del Oficial de Inmigraci\u00f3n de la frontera. La solicitud de tramitacion del visado y el pago de las tasas y gastos [&hellip;]\" \/>\n<meta property=\"og:url\" content=\"https:\/\/centraldevisadosrusos.com\/cat\/sobre-visados-a-rusia\/\" \/>\n<meta property=\"og:site_name\" content=\"Central de Visados Rusos\" \/>\n<meta property=\"article:modified_time\" content=\"2025-12-24T20:33:55+00:00\" \/>\n<meta name=\"twitter:label1\" content=\"Temps estimat de lectura\" \/>\n\t<meta name=\"twitter:data1\" content=\"3 minuts\" \/>\n<script type=\"application\/ld+json\" class=\"yoast-schema-graph\">{\"@context\":\"https:\/\/schema.org\",\"@graph\":[{\"@type\":\"WebPage\",\"@id\":\"https:\/\/centraldevisadosrusos.com\/sobre-visados-a-rusia\/\",\"url\":\"https:\/\/centraldevisadosrusos.com\/sobre-visados-a-rusia\/\",\"name\":\"Sobre visados a Rusia - Central de Visados Rusos\",\"isPartOf\":{\"@id\":\"https:\/\/centraldevisadosrusos.com\/#website\"},\"datePublished\":\"2015-02-24T11:52:28+00:00\",\"dateModified\":\"2025-12-24T20:33:55+00:00\",\"breadcrumb\":{\"@id\":\"https:\/\/centraldevisadosrusos.com\/sobre-visados-a-rusia\/#breadcrumb\"},\"inLanguage\":\"ca\",\"potentialAction\":[{\"@type\":\"ReadAction\",\"target\":[\"https:\/\/centraldevisadosrusos.com\/sobre-visados-a-rusia\/\"]}]},{\"@type\":\"BreadcrumbList\",\"@id\":\"https:\/\/centraldevisadosrusos.com\/sobre-visados-a-rusia\/#breadcrumb\",\"itemListElement\":[{\"@type\":\"ListItem\",\"position\":1,\"name\":\"Home\",\"item\":\"https:\/\/centraldevisadosrusos.com\/\"},{\"@type\":\"ListItem\",\"position\":2,\"name\":\"Sobre visados a Rusia\"}]},{\"@type\":\"WebSite\",\"@id\":\"https:\/\/centraldevisadosrusos.com\/#website\",\"url\":\"https:\/\/centraldevisadosrusos.com\/\",\"name\":\"Central de Visados Rusos\",\"description\":\"Central de Visados Rusos\",\"potentialAction\":[{\"@type\":\"SearchAction\",\"target\":{\"@type\":\"EntryPoint\",\"urlTemplate\":\"https:\/\/centraldevisadosrusos.com\/?s={search_term_string}\"},\"query-input\":{\"@type\":\"PropertyValueSpecification\",\"valueRequired\":true,\"valueName\":\"search_term_string\"}}],\"inLanguage\":\"ca\"}]}<\/script>\n<!-- \/ Yoast SEO plugin. -->","yoast_head_json":{"title":"Sobre visados a Rusia - Central de Visados Rusos","robots":{"index":"index","follow":"follow","max-snippet":"max-snippet:-1","max-image-preview":"max-image-preview:large","max-video-preview":"max-video-preview:-1"},"canonical":"https:\/\/centraldevisadosrusos.com\/cat\/sobre-visados-a-rusia\/","og_locale":"ca_ES","og_type":"article","og_title":"Sobre visados a Rusia - Central de Visados Rusos","og_description":"El visado es la autorizaci\u00f3n de entrada, estancia y tr\u00e1nsito en el territorio de la Federaci\u00f3n de Rusia. El visado no garantiza la entrada e la Federaci\u00f3n de Rusia, la autorizaci\u00f3n final es competencia del Oficial de Inmigraci\u00f3n de la frontera. La solicitud de tramitacion del visado y el pago de las tasas y gastos [&hellip;]","og_url":"https:\/\/centraldevisadosrusos.com\/cat\/sobre-visados-a-rusia\/","og_site_name":"Central de Visados Rusos","article_modified_time":"2025-12-24T20:33:55+00:00","twitter_misc":{"Temps estimat de lectura":"3 minuts"},"schema":{"@context":"https:\/\/schema.org","@graph":[{"@type":"WebPage","@id":"https:\/\/centraldevisadosrusos.com\/sobre-visados-a-rusia\/","url":"https:\/\/centraldevisadosrusos.com\/sobre-visados-a-rusia\/","name":"Sobre visados a Rusia - Central de Visados Rusos","isPartOf":{"@id":"https:\/\/centraldevisadosrusos.com\/#website"},"datePublished":"2015-02-24T11:52:28+00:00","dateModified":"2025-12-24T20:33:55+00:00","breadcrumb":{"@id":"https:\/\/centraldevisadosrusos.com\/sobre-visados-a-rusia\/#breadcrumb"},"inLanguage":"ca","potentialAction":[{"@type":"ReadAction","target":["https:\/\/centraldevisadosrusos.com\/sobre-visados-a-rusia\/"]}]},{"@type":"BreadcrumbList","@id":"https:\/\/centraldevisadosrusos.com\/sobre-visados-a-rusia\/#breadcrumb","itemListElement":[{"@type":"ListItem","position":1,"name":"Home","item":"https:\/\/centraldevisadosrusos.com\/"},{"@type":"ListItem","position":2,"name":"Sobre visados a Rusia"}]},{"@type":"WebSite","@id":"https:\/\/centraldevisadosrusos.com\/#website","url":"https:\/\/centraldevisadosrusos.com\/","name":"Central de Visados Rusos","description":"Central de Visados Rusos","potentialAction":[{"@type":"SearchAction","target":{"@type":"EntryPoint","urlTemplate":"https:\/\/centraldevisadosrusos.com\/?s={search_term_string}"},"query-input":{"@type":"PropertyValueSpecification","valueRequired":true,"valueName":"search_term_string"}}],"inLanguage":"ca"}]}},"_links":{"self":[{"href":"https:\/\/centraldevisadosrusos.com\/cat\/wp-json\/wp\/v2\/pages\/14","targetHints":{"allow":["GET"]}}],"collection":[{"href":"https:\/\/centraldevisadosrusos.com\/cat\/wp-json\/wp\/v2\/pages"}],"about":[{"href":"https:\/\/centraldevisadosrusos.com\/cat\/wp-json\/wp\/v2\/types\/page"}],"author":[{"embeddable":true,"href":"https:\/\/centraldevisadosrusos.com\/cat\/wp-json\/wp\/v2\/users\/7"}],"replies":[{"embeddable":true,"href":"https:\/\/centraldevisadosrusos.com\/cat\/wp-json\/wp\/v2\/comments?post=14"}],"version-history":[{"count":54,"href":"https:\/\/centraldevisadosrusos.com\/cat\/wp-json\/wp\/v2\/pages\/14\/revisions"}],"predecessor-version":[{"id":52637,"href":"https:\/\/centraldevisadosrusos.com\/cat\/wp-json\/wp\/v2\/pages\/14\/revisions\/52637"}],"wp:attachment":[{"href":"https:\/\/centraldevisadosrusos.com\/cat\/wp-json\/wp\/v2\/media?parent=14"}],"curies":[{"name":"wp","href":"https:\/\/api.w.org\/{rel}","templated":true}]}}