{"id":1105,"date":"2017-01-13T16:34:35","date_gmt":"2017-01-13T16:34:35","guid":{"rendered":"https:\/\/centraldevisadosrusos.com\/NEW\/?page_id=1105"},"modified":"2025-12-22T22:04:11","modified_gmt":"2025-12-22T22:04:11","slug":"visados-de-negocios","status":"publish","type":"page","link":"https:\/\/centraldevisadosrusos.com\/cat\/visados-de-negocios\/","title":{"rendered":"Visats de negocis"},"content":{"rendered":"<p>[et_pb_section fb_built=\u00bb1&#8243; admin_label=\u00bbsection\u00bb _builder_version=\u00bb4.16&#8243; global_colors_info=\u00bb{}\u00bb][et_pb_row _builder_version=\u00bb4.27.5&#8243; custom_padding=\u00bb||||false|false\u00bb border_radii=\u00bbon|10px|10px|10px|10px\u00bb border_width_top=\u00bb10px\u00bb border_color_top=\u00bb#8e1820&#8243; locked=\u00bboff\u00bb global_colors_info=\u00bb{}\u00bb][et_pb_column type=\u00bb4_4&#8243; _builder_version=\u00bb4.16&#8243; custom_padding=\u00bb|||\u00bb global_colors_info=\u00bb{}\u00bb custom_padding__hover=\u00bb|||\u00bb][et_pb_blurb title=\u00bbVisados de negocios\u00bb icon_placement=\u00bbleft\u00bb content_max_width=\u00bb90%\u00bb _builder_version=\u00bb4.27.5&#8243; _module_preset=\u00bbdefault\u00bb header_level=\u00bbh1&#8243; header_font=\u00bbNunito Sans|600||on|||||\u00bb header_text_align=\u00bbcenter\u00bb header_text_color=\u00bb#474747&#8243; header_font_size=\u00bb40px\u00bb header_line_height=\u00bb1.4em\u00bb body_font=\u00bbNunito Sans||||||||\u00bb body_text_align=\u00bbleft\u00bb body_text_color=\u00bb#242424&#8243; body_font_size=\u00bb16px\u00bb background_enable_color=\u00bboff\u00bb text_orientation=\u00bbcenter\u00bb custom_margin=\u00bb||||false|false\u00bb custom_padding=\u00bb20px|20px||20px|false|false\u00bb animation_style=\u00bbzoom\u00bb animation_intensity_zoom=\u00bb5%\u00bb hover_enabled=\u00bb0&#8243; global_colors_info=\u00bb{}\u00bb sticky_enabled=\u00bb0&#8243;]<\/p>\n<p><span>Se expiden para estancias de car\u00e1cter profesional. No son visados de trabajo, sino visados para desarrollar actividades de car\u00e1cter comercial o llevar a cabo negociaciones en el territorio de la Federaci\u00f3n de Rusia.<\/span><\/p>\n<h3><strong>DOCUMENTACI\u00d3N A PRESENTAR:<\/strong><\/h3>\n<p><strong>1. Formulario de solicitud de visado rellenado y firmado <\/strong>(para los ciudadanos de los EE.UU., Canad\u00e1, Reino Unido y Georgia presentar dos ejemplares).<\/p>\n<p><a href=\"https:\/\/visa.kdmid.ru\/PetitionChoice.aspx\" target=\"_blank\" rel=\"noopener\"><i class=\"fa-solid fa-file-pen fa-xl\"><\/i><strong>\u00a0PULSE PARA RELLENAR EL FORMULARIO ELECTR\u00d3NICO<\/strong><\/a><\/p>\n<p><strong>2. Una fotograf\u00eda original (no vale fotocopia) de tama\u00f1o 3\u00d74 (tama\u00f1o carnet)\u00a0<\/strong> con las siguientes caracter\u00edsticas b\u00e1sicas: reciente, fondo blanco, \u00a0en color, de frente, sin gafas con cristales ahumados ni gorro (a excepci\u00f3n de los ciudadanos extranjeros cuya nacionalidad o religi\u00f3n requiere cubrir la cabeza con prendas espec\u00edficas, siempre y cuando el ciudadano extranjero est\u00e1 retratado de la misma manera en la fotograf\u00eda del pasaporte).<\/p>\n<p><strong>3. Pasaporte para viajes al extranjero con validez m\u00ednima de 6 meses<\/strong> desde la fecha de caducidad del visado solicitado (es decir del regreso del viaje) u otro documento vigente aceptado en esta calidad por la Federaci\u00f3n de Rusia. El pasaporte no debe provocar dudas sobre su autenticidad y su pertenencia al propietario del mismo, no debe contener marcas, observaciones, anotaciones, raspaduras, correcciones no legalizadas por las autoridades competentes del pa\u00eds extranjero respectivo, contener p\u00e1ginas arrancadas o rotas, <strong>debe tener al menos 2 p\u00e1ginas en blanco contiguas sin sellos ni visados.<\/strong><\/p>\n<p><strong>4. Seguro de asistencia en viaje <\/strong> deber\u00e1 aportar copia de la p\u00f3liza o certificado de la aseguradora que contenga los siguientes datos: n\u00famero de la p\u00f3liza, nombre de la compa\u00f1\u00eda aseguradora, vigencia (debe coincidir como m\u00ednimo con las fechas por las que solicita el visado)\u00a0<strong>y nombre del asegurado<\/strong>. Adem\u00e1s debe quedar acreditado que la p\u00f3liza tiene cobertura de gastos m\u00e9dicos m\u00ednimo 30.000\u20ac en la Federaci\u00f3n de Rusia o en el Mundo.<\/p>\n<p><strong>5. Una invitaci\u00f3n de la instituci\u00f3n o la empresa rusa que explicite el motivo del viaje a la Federaci\u00f3n Rusa.<\/strong> Deber\u00e1 presentar uno de los siguientes documentos:<\/p>\n<ul>\n<li>Bien, una invitaci\u00f3n oficial tramitada por el Ministerio de Asuntos Exteriores de la FR. La empresa rusa que le invita sabr\u00e1 c\u00f3mo hacer dicho tr\u00e1mite;<\/li>\n<li>Bien, el n\u00famero de t\u00e9lex tramitado por el Servicio Consular del Ministerio de la Federaci\u00f3n de Rusia. Lo solicita la empresa rusa anfitriona y el t\u00e9lex es enviado directamente al Consulado de Rusia en Espa\u00f1a. La empresa rusa anfitriona comunica paralelamente este n\u00famero de t\u00e9lex al solicitante espa\u00f1ol para la comprobaci\u00f3n de su emisi\u00f3n. Antes de presentar la documentaci\u00f3n es imprescindible enviar el n\u00famero de telex a infomadrid@centraldevisadosrusos.com y esperar la confirmaci\u00f3n por parte de la Central de Visados Rusos.;<\/li>\n<li>Carta de invitaci\u00f3n presentada en papel con membrete de la organizaci\u00f3n rusa conteniendo la informaci\u00f3n a continuaci\u00f3n requerida, con sello y firma. Informaci\u00f3n relativa al invitado: Nombre completo, fecha de nacimiento, sexo, nacionalidad, N\u00ba de pasaporte o documento equivalente, fechas y motivo del viaje, destinos, n\u00ba de entradas y nombres de hijos menores de edad que acompa\u00f1en al invitado. Informaci\u00f3n relativa al organismo que invita: Nombre completo del organismo, direcci\u00f3n, cargo de la persona que firma el documento y n\u00famero de registro fiscal.<\/li>\n<\/ul>\n<p><a href=\"https:\/\/centraldevisadosrusos.com\/wp-content\/uploads\/2017\/09\/Requisitos-para-la-carta-de-invitacion.pdf\" target=\"_blank\" rel=\"noopener\"><span><i class=\"fa-regular fa-file-pdf fa-xl\"><\/i><strong>\u00a0Requisitos para una Carta de Invitaci\u00f3n de Negocios de empresas rusas<\/strong><\/span><\/a><\/p>\n<p>[\/et_pb_blurb][et_pb_blurb icon_placement=\u00bbleft\u00bb content_max_width=\u00bb90%\u00bb _builder_version=\u00bb4.27.5&#8243; _module_preset=\u00bbdefault\u00bb header_level=\u00bbh1&#8243; header_font=\u00bbNunito Sans|600||on|||||\u00bb header_text_align=\u00bbcenter\u00bb header_text_color=\u00bb#474747&#8243; header_font_size=\u00bb40px\u00bb header_line_height=\u00bb1.4em\u00bb body_font=\u00bbNunito Sans||||||||\u00bb body_text_align=\u00bbleft\u00bb body_text_color=\u00bb#242424&#8243; body_font_size=\u00bb16px\u00bb background_enable_color=\u00bboff\u00bb text_orientation=\u00bbcenter\u00bb custom_margin=\u00bb||0px||false|false\u00bb custom_padding=\u00bb20px|20px|0px|20px|false|false\u00bb animation_style=\u00bbzoom\u00bb animation_intensity_zoom=\u00bb5%\u00bb global_colors_info=\u00bb{}\u00bb]<\/p>\n<h2><span style=\"color: #8e1820;\"><strong>NOTA IMPORTANTE<\/strong><\/span><\/h2>\n<p>Se expiden visados de negocios de una entrada, dos entradas y m\u00faltiples. Los visados de m\u00faltiples entradas se emiten por periodos de hasta 1 a\u00f1o. Para la tramitaci\u00f3n de estos visados por periodos superiores a 1 a\u00f1o, consulten con la Central de Visados Rusos.<\/p>\n<p>[\/et_pb_blurb][et_pb_code _builder_version=\u00bb4.27.5&#8243; _module_preset=\u00bbdefault\u00bb global_colors_info=\u00bb{}\u00bb][et_pb_section global_module=\u00bb52533&#8243;][\/et_pb_code][\/et_pb_column][\/et_pb_row][\/et_pb_section]<\/p>\n","protected":false},"excerpt":{"rendered":"<p>Se expiden para estancias de car\u00e1cter profesional. No son visados de trabajo, sino visados para desarrollar actividades de car\u00e1cter comercial o llevar a cabo negociaciones en el territorio de la Federaci\u00f3n de Rusia. DOCUMENTACI\u00d3N A PRESENTAR: 1. Formulario de solicitud de visado rellenado y firmado (para los ciudadanos de los EE.UU., Canad\u00e1, Reino Unido y [&hellip;]<\/p>\n","protected":false},"author":7,"featured_media":0,"parent":0,"menu_order":0,"comment_status":"closed","ping_status":"closed","template":"","meta":{"_et_pb_use_builder":"on","_et_pb_old_content":"<h1>Visados de negocios<\/h1>\nSe expiden para estancias de car\u00e1cter profesional. No son visados de trabajo, sino visados para desarrollar actividades de car\u00e1cter comercial o llevar a cabo negociaciones en el territorio de la Federaci\u00f3n de Rusia.\n\n<strong>DOCUMENTACI\u00d3N A PRESENTAR:<\/strong>\n<ol>\n \t<li style=\"list-style-type: none;\">\n<ol>\n \t<li><strong>Formulario de solicitud de visado rellenado y firmado<\/strong> (para los ciudadanos de los EE.UU., Canad\u00e1, Reino Unido y Georgia presentar dos ejemplares).&nbsp;&nbsp;[su_button url=\"https:\/\/visa.kdmid.ru\/PetitionChoice.aspx\" target=\"blank\" background=\"#70121a\" color=\"#fff\" size=\"11\" wide=\"yes\" center=\"yes\" radius=\"5\" icon=\"icon: download\" icon_color=\"#fff\"]PULSE PARA RELLENAR EL FORMULARIO ELECTR\u00d3NICO[\/su_button]<\/li>\n \t<li><strong>Una fotograf\u00eda original (no vale fotocopia) de tama\u00f1o 3x4 (tama\u00f1o carnet) <\/strong>con las siguientes caracter\u00edsticas b\u00e1sicas: reciente, fondo blanco, &nbsp;en color, de frente, sin gafas con cristales ahumados ni gorro (a excepci\u00f3n de los ciudadanos extranjeros cuya nacionalidad o religi\u00f3n requiere cubrir la cabeza con prendas espec\u00edficas, siempre y cuando el ciudadano extranjero est\u00e1 retratado de la misma manera en la fotograf\u00eda del pasaporte).&nbsp;<\/li>\n \t<li><strong>Pasaporte para viajes al extranjero con validez m\u00ednima de 6 meses<\/strong> desde la fecha de caducidad del visado solicitado (es decir del regreso del viaje) u otro documento vigente aceptado en esta calidad por la Federaci\u00f3n de Rusia. El pasaporte no debe provocar dudas sobre su autenticidad y su pertenencia al propietario del mismo, no debe contener marcas, observaciones, anotaciones, raspaduras, correcciones no legalizadas por las autoridades competentes del pa\u00eds extranjero respectivo, contener p\u00e1ginas arrancadas o rotas, <strong>debe tener al menos 2 p\u00e1ginas en blanco contiguas sin sellos ni visados<\/strong>.<\/li>\n \t<li><strong>Seguro de asistencia en viaje<\/strong>&nbsp;Deber\u00e1 aportar copia de la p\u00f3liza o certificado de la aseguradora que contenga los siguientes datos: n\u00famero de la p\u00f3liza, nombre de la compa\u00f1\u00eda aseguradora, vigencia (debe coincidir como m\u00ednimo con las fechas por las que solicita el visado)&nbsp;<strong>y nombre del asegurado<\/strong>. Adem\u00e1s debe quedar acreditado que la p\u00f3liza tiene cobertura&nbsp;de gastos m\u00e9dicos m\u00ednimo 30000\u20ac en la Federaci\u00f3n de Rusia o en el Mundo.<\/li>\n \t<li><strong>Una invitaci\u00f3n de la instituci\u00f3n o la empresa rusa que explicite el motivo del viaje a la Federaci\u00f3n de Rusia<\/strong>. Deber\u00e1 presentar uno de los siguientes documentos:\n<ul>\n \t<li>Bien, una invitaci\u00f3n oficial tramitada por el Ministerio de Asuntos Exteriores de la FR. La empresa rusa que le invita sabr\u00e1 c\u00f3mo hacer dicho tr\u00e1mite;<\/li>\n \t<li>Bien, el n\u00famero de t\u00e9lex tramitado por el Servicio Consular del Ministerio de la Federaci\u00f3n de Rusia. Lo solicita la empresa rusa anfitriona y el t\u00e9lex es enviado directamente al Consulado de Rusia en Espa\u00f1a. La empresa rusa anfitriona comunica paralelamente este n\u00famero de t\u00e9lex al solicitante espa\u00f1ol para la comprobaci\u00f3n de su emisi\u00f3n. Antes de presentar la documentaci\u00f3n es imprescindible enviar el n\u00famero de telex a <a href=\"mailto:infomadrid@centraldevisadosrusos.com\"> infomadrid@centraldevisadosrusos.com<\/a> y esperar la confirmaci\u00f3n por parte de la Central de Visados Rusos.;<\/li>\n \t<li>Carta de invitaci\u00f3n presentada en papel con membrete de la organizaci\u00f3n rusa conteniendo la informaci\u00f3n a continuaci\u00f3n requerida, con sello y firma. Informaci\u00f3n relativa al invitado: Nombre completo, fecha de nacimiento, sexo, nacionalidad, N\u00ba de pasaporte o documento equivalente, fechas y motivo del viaje, destinos, n\u00ba de entradas y nombres de hijos menores de edad que acompa\u00f1en al invitado. Informaci\u00f3n relativa al organismo que invita: Nombre completo del organismo, direcci\u00f3n, cargo de la persona que firma el documento y n\u00famero de registro fiscal.<\/li>\n<\/ul>\n<\/li>\n<\/ol>\n<\/li>\n<\/ol>\n[su_button url=\"https:\/\/centraldevisadosrusos.com\/wp-content\/uploads\/2017\/09\/Requisitos-para-la-carta-de-invitacion.pdf\" target=\"blank\" background=\"#70121a\" color=\"#fff\" size=\"11\" wide=\"yes\" center=\"yes\" radius=\"5\" icon=\"icon: briefcase\" icon_color=\"#fff\"]Pulse para ver el PDF Requisitos para una Carta de Invitaci\u00f3n de Negocios de empresas rusas[\/su_button]\n\n&nbsp;\n\n[su_animate]\n[su_box title=\"NOTA IMPORTANTE:\" style=\"soft\" box_color=\"#70121a\"]\nSe expiden visados de negocios de una entrada, dos entradas y m\u00faltiples. Los visados de m\u00faltiples entradas se emiten por periodos de hasta 1 a\u00f1o. Para la tramitaci\u00f3n de estos visados por periodos superiores a 1 a\u00f1o, consulten con la Central de Visados Rusos.\n[\/su_box]\n[\/su_animate]\n\n[su_animate]\n[su_box title=\"ADVERTENCIAS PARA EL SOLICITANTE:\" style=\"soft\" box_color=\"#70121a\"]\nVerificar los datos en el cuestionario de solicitud, la p\u00f3liza de seguro de viaje, la invitaci\u00f3n y en el visado obtenido, es responsabilidad del solicitante.\n\nAl recibir su visado, antes de salir de la oficina de la <strong>Central de Visados Rusos<\/strong>, compruebe que todos los datos son correctos \u0443 completos \u0443 comunique cualquier anomal\u00eda al encargado de entreg\u00e1rselo.\n\nEl visado se hace seg\u00fan las fechas que figuran en la invitaci\u00f3n aportada por el solicitante, el seguro de viaje y el formulario de solicitud de visado.\n[\/su_box]\n[\/su_animate]","_et_gb_content_width":"","footnotes":""},"class_list":["post-1105","page","type-page","status-publish","hentry"],"yoast_head":"<!-- This site is optimized with the Yoast SEO plugin v27.0 - https:\/\/yoast.com\/product\/yoast-seo-wordpress\/ -->\n<title>Visados de negocios - Central de Visados Rusos<\/title>\n<meta name=\"robots\" content=\"index, follow, max-snippet:-1, max-image-preview:large, max-video-preview:-1\" \/>\n<link rel=\"canonical\" href=\"https:\/\/centraldevisadosrusos.com\/cat\/visados-de-negocios\/\" \/>\n<meta property=\"og:locale\" content=\"ca_ES\" \/>\n<meta property=\"og:type\" content=\"article\" \/>\n<meta property=\"og:title\" content=\"Visados de negocios - Central de Visados Rusos\" \/>\n<meta property=\"og:description\" content=\"Se expiden para estancias de car\u00e1cter profesional. No son visados de trabajo, sino visados para desarrollar actividades de car\u00e1cter comercial o llevar a cabo negociaciones en el territorio de la Federaci\u00f3n de Rusia. DOCUMENTACI\u00d3N A PRESENTAR: 1. Formulario de solicitud de visado rellenado y firmado (para los ciudadanos de los EE.UU., Canad\u00e1, Reino Unido y [&hellip;]\" \/>\n<meta property=\"og:url\" content=\"https:\/\/centraldevisadosrusos.com\/cat\/visados-de-negocios\/\" \/>\n<meta property=\"og:site_name\" content=\"Central de Visados Rusos\" \/>\n<meta property=\"article:modified_time\" content=\"2025-12-22T22:04:11+00:00\" \/>\n<meta name=\"twitter:label1\" content=\"Temps estimat de lectura\" \/>\n\t<meta name=\"twitter:data1\" content=\"4 minuts\" \/>\n<script type=\"application\/ld+json\" class=\"yoast-schema-graph\">{\"@context\":\"https:\/\/schema.org\",\"@graph\":[{\"@type\":\"WebPage\",\"@id\":\"https:\/\/centraldevisadosrusos.com\/visados-de-negocios\/\",\"url\":\"https:\/\/centraldevisadosrusos.com\/visados-de-negocios\/\",\"name\":\"Visados de negocios - Central de Visados Rusos\",\"isPartOf\":{\"@id\":\"https:\/\/centraldevisadosrusos.com\/#website\"},\"datePublished\":\"2017-01-13T16:34:35+00:00\",\"dateModified\":\"2025-12-22T22:04:11+00:00\",\"breadcrumb\":{\"@id\":\"https:\/\/centraldevisadosrusos.com\/visados-de-negocios\/#breadcrumb\"},\"inLanguage\":\"ca\",\"potentialAction\":[{\"@type\":\"ReadAction\",\"target\":[\"https:\/\/centraldevisadosrusos.com\/visados-de-negocios\/\"]}]},{\"@type\":\"BreadcrumbList\",\"@id\":\"https:\/\/centraldevisadosrusos.com\/visados-de-negocios\/#breadcrumb\",\"itemListElement\":[{\"@type\":\"ListItem\",\"position\":1,\"name\":\"Home\",\"item\":\"https:\/\/centraldevisadosrusos.com\/\"},{\"@type\":\"ListItem\",\"position\":2,\"name\":\"Visados de negocios\"}]},{\"@type\":\"WebSite\",\"@id\":\"https:\/\/centraldevisadosrusos.com\/#website\",\"url\":\"https:\/\/centraldevisadosrusos.com\/\",\"name\":\"Central de Visados Rusos\",\"description\":\"Central de Visados Rusos\",\"potentialAction\":[{\"@type\":\"SearchAction\",\"target\":{\"@type\":\"EntryPoint\",\"urlTemplate\":\"https:\/\/centraldevisadosrusos.com\/?s={search_term_string}\"},\"query-input\":{\"@type\":\"PropertyValueSpecification\",\"valueRequired\":true,\"valueName\":\"search_term_string\"}}],\"inLanguage\":\"ca\"}]}<\/script>\n<!-- \/ Yoast SEO plugin. -->","yoast_head_json":{"title":"Visados de negocios - Central de Visados Rusos","robots":{"index":"index","follow":"follow","max-snippet":"max-snippet:-1","max-image-preview":"max-image-preview:large","max-video-preview":"max-video-preview:-1"},"canonical":"https:\/\/centraldevisadosrusos.com\/cat\/visados-de-negocios\/","og_locale":"ca_ES","og_type":"article","og_title":"Visados de negocios - Central de Visados Rusos","og_description":"Se expiden para estancias de car\u00e1cter profesional. No son visados de trabajo, sino visados para desarrollar actividades de car\u00e1cter comercial o llevar a cabo negociaciones en el territorio de la Federaci\u00f3n de Rusia. DOCUMENTACI\u00d3N A PRESENTAR: 1. Formulario de solicitud de visado rellenado y firmado (para los ciudadanos de los EE.UU., Canad\u00e1, Reino Unido y [&hellip;]","og_url":"https:\/\/centraldevisadosrusos.com\/cat\/visados-de-negocios\/","og_site_name":"Central de Visados Rusos","article_modified_time":"2025-12-22T22:04:11+00:00","twitter_misc":{"Temps estimat de lectura":"4 minuts"},"schema":{"@context":"https:\/\/schema.org","@graph":[{"@type":"WebPage","@id":"https:\/\/centraldevisadosrusos.com\/visados-de-negocios\/","url":"https:\/\/centraldevisadosrusos.com\/visados-de-negocios\/","name":"Visados de negocios - Central de Visados Rusos","isPartOf":{"@id":"https:\/\/centraldevisadosrusos.com\/#website"},"datePublished":"2017-01-13T16:34:35+00:00","dateModified":"2025-12-22T22:04:11+00:00","breadcrumb":{"@id":"https:\/\/centraldevisadosrusos.com\/visados-de-negocios\/#breadcrumb"},"inLanguage":"ca","potentialAction":[{"@type":"ReadAction","target":["https:\/\/centraldevisadosrusos.com\/visados-de-negocios\/"]}]},{"@type":"BreadcrumbList","@id":"https:\/\/centraldevisadosrusos.com\/visados-de-negocios\/#breadcrumb","itemListElement":[{"@type":"ListItem","position":1,"name":"Home","item":"https:\/\/centraldevisadosrusos.com\/"},{"@type":"ListItem","position":2,"name":"Visados de negocios"}]},{"@type":"WebSite","@id":"https:\/\/centraldevisadosrusos.com\/#website","url":"https:\/\/centraldevisadosrusos.com\/","name":"Central de Visados Rusos","description":"Central de Visados Rusos","potentialAction":[{"@type":"SearchAction","target":{"@type":"EntryPoint","urlTemplate":"https:\/\/centraldevisadosrusos.com\/?s={search_term_string}"},"query-input":{"@type":"PropertyValueSpecification","valueRequired":true,"valueName":"search_term_string"}}],"inLanguage":"ca"}]}},"_links":{"self":[{"href":"https:\/\/centraldevisadosrusos.com\/cat\/wp-json\/wp\/v2\/pages\/1105","targetHints":{"allow":["GET"]}}],"collection":[{"href":"https:\/\/centraldevisadosrusos.com\/cat\/wp-json\/wp\/v2\/pages"}],"about":[{"href":"https:\/\/centraldevisadosrusos.com\/cat\/wp-json\/wp\/v2\/types\/page"}],"author":[{"embeddable":true,"href":"https:\/\/centraldevisadosrusos.com\/cat\/wp-json\/wp\/v2\/users\/7"}],"replies":[{"embeddable":true,"href":"https:\/\/centraldevisadosrusos.com\/cat\/wp-json\/wp\/v2\/comments?post=1105"}],"version-history":[{"count":33,"href":"https:\/\/centraldevisadosrusos.com\/cat\/wp-json\/wp\/v2\/pages\/1105\/revisions"}],"predecessor-version":[{"id":52544,"href":"https:\/\/centraldevisadosrusos.com\/cat\/wp-json\/wp\/v2\/pages\/1105\/revisions\/52544"}],"wp:attachment":[{"href":"https:\/\/centraldevisadosrusos.com\/cat\/wp-json\/wp\/v2\/media?parent=1105"}],"curies":[{"name":"wp","href":"https:\/\/api.w.org\/{rel}","templated":true}]}}